{"id":1139,"date":"2020-01-17T15:39:48","date_gmt":"2020-01-17T15:39:48","guid":{"rendered":"https:\/\/damaco.es\/fr\/?page_id=1139"},"modified":"2020-02-03T09:48:57","modified_gmt":"2020-02-03T09:48:57","slug":"mejor-comparo","status":"publish","type":"page","link":"https:\/\/damaco.es\/fr\/mejor-comparo\/","title":{"rendered":"Mejor Comparo"},"content":{"rendered":"<p>[et_pb_section fb_built=\u00bb1&#8243; fullwidth=\u00bbon\u00bb _builder_version=\u00bb3.22&#8243;][et_pb_fullwidth_header _builder_version=\u00bb3.16&#8243; title_line_height=\u00bb2em\u00bb content_font_size=\u00bb30&#8243; content_line_height=\u00bb2em\u00bb background_color=\u00bb#00629b\u00bb]<\/p>\n<p style=\"text-align: center;\"><span style=\"color: #ffffff;\">Mejor comparo : \u00c9tude comparative des meilleurs produits et services\u00a0<\/span><\/p>\n<p>[\/et_pb_fullwidth_header][\/et_pb_section][et_pb_section fb_built=\u00bb1&#8243; _builder_version=\u00bb3.22&#8243; use_background_color_gradient=\u00bbon\u00bb background_color_gradient_start=\u00bb#eff8fb\u00bb background_color_gradient_end=\u00bb#fdfefe\u00bb background_color_gradient_direction=\u00bb183deg\u00bb background_color_gradient_start_position=\u00bb19%\u00bb background_color_gradient_end_position=\u00bb72%\u00bb][et_pb_row _builder_version=\u00bb4.1&#8243;][et_pb_column type=\u00bb4_4&#8243; _builder_version=\u00bb3.0.47&#8243; parallax=\u00bboff\u00bb parallax_method=\u00bbon\u00bb][et_pb_image src=\u00bbhttps:\/\/damaco.es\/fr\/wp-content\/uploads\/2020\/01\/mejor-comparo.png\u00bb align=\u00bbcenter\u00bb _builder_version=\u00bb3.0.89&#8243;][\/et_pb_image][et_pb_text _builder_version=\u00bb3.27.4&#8243; text_text_color=\u00bb#052d56&#8243; text_line_height=\u00bb2em\u00bb header_font_size=\u00bb26&#8243; header_text_color=\u00bb#052d56&#8243; header_line_height=\u00bb2em\u00bb]<\/p>\n<h1 style=\"text-align: center;\"><strong><span style=\"color: #052d56;\">Qu&#8217;est-ce que Mejor Comparo ?<\/span><\/strong><\/h1>\n<hr>\n<p>[\/et_pb_text][et_pb_text disabled_on=\u00bboff|off|off\u00bb _builder_version=\u00bb3.0.89&#8243; text_font_size=\u00bb20px\u00bb text_text_color=\u00bb#052d56&#8243; text_line_height=\u00bb2.2em\u00bb header_font_size=\u00bb25&#8243; text_orientation=\u00bbjustified\u00bb module_alignment=\u00bbleft\u00bb]Mejor Comparo vise \u00e0 fournir des informations aux particuliers et aux entreprises pour les aider dans leur <strong>processus d&#8217;achat<\/strong>.<\/p>\n<p>Pour atteindre cet objectif, Mejor Comparo <strong>r\u00e9sume les informations<\/strong> d&#8217;un grand nombre d&#8217;entreprises et les pr\u00e9sente au public de mani\u00e8re simple afin qu&#8217;il puisse prendre la meilleure d\u00e9cision. Le groupe prend en compte des entreprises de tous types : sport, maison, jardinage et bricolage, professionnels et entreprises, etc.<\/p>\n<p><strong>Comment fonctionne-t-il<\/strong> ? Mejor Comparo se charge de contacter les entreprises pour rechercher et collecter les informations n\u00e9cessaires afin d&#8217;aider leurs clients \u00e0 choisir le bon fournisseur.<\/p>\n<p>Gr\u00e2ce \u00e0 cette entreprise, les clients n&#8217;ont plus qu&#8217;\u00e0 choisir parmi les <strong>meilleurs fournisseurs<\/strong> s\u00e9lectionn\u00e9s par Mejor Comparo.<\/p>\n<p>\u00a0[\/et_pb_text][\/et_pb_column][\/et_pb_row][\/et_pb_section][et_pb_section fb_built=\u00bb1&#8243; background_color=\u00bb#00629b\u00bb _builder_version=\u00bb3.22&#8243; background_size=\u00bbinitial\u00bb background_repeat=\u00bbrepeat\u00bb][et_pb_row use_custom_width=\u00bbon\u00bb custom_width_px=\u00bb1537px\u00bb _builder_version=\u00bb3.0.89&#8243;][et_pb_column type=\u00bb1_3&#8243; _builder_version=\u00bb3.0.89&#8243; parallax=\u00bboff\u00bb parallax_method=\u00bbon\u00bb][et_pb_image src=\u00bbhttps:\/\/damaco.es\/fr\/wp-content\/uploads\/2020\/01\/eleccion.jpg\u00bb _builder_version=\u00bb3.0.89&#8243;][\/et_pb_image][\/et_pb_column][et_pb_column type=\u00bb1_3&#8243; _builder_version=\u00bb3.0.89&#8243; parallax=\u00bboff\u00bb parallax_method=\u00bbon\u00bb][et_pb_image src=\u00bbhttps:\/\/damaco.es\/fr\/wp-content\/uploads\/2020\/01\/compra.jpg\u00bb _builder_version=\u00bb3.0.89&#8243;][\/et_pb_image][\/et_pb_column][et_pb_column type=\u00bb1_3&#8243; _builder_version=\u00bb3.0.89&#8243; parallax=\u00bboff\u00bb parallax_method=\u00bbon\u00bb][et_pb_image src=\u00bbhttps:\/\/damaco.es\/fr\/wp-content\/uploads\/2020\/01\/comparativa.jpg\u00bb _builder_version=\u00bb3.0.89&#8243;][\/et_pb_image][\/et_pb_column][\/et_pb_row][\/et_pb_section][et_pb_section fb_built=\u00bb1&#8243; _builder_version=\u00bb3.22&#8243; use_background_color_gradient=\u00bbon\u00bb background_color_gradient_start=\u00bb#fdfefe\u00bb background_color_gradient_end=\u00bb#eff8fb\u00bb][et_pb_row use_custom_width=\u00bbon\u00bb custom_width_px=\u00bb1643&#8243; _builder_version=\u00bb3.25&#8243;][et_pb_column type=\u00bb4_4&#8243; _builder_version=\u00bb3.0.47&#8243; parallax=\u00bboff\u00bb parallax_method=\u00bbon\u00bb][et_pb_text _builder_version=\u00bb3.0.89&#8243; text_font_size=\u00bb25&#8243; header_font_size=\u00bb26px\u00bb]<\/p>\n<p style=\"text-align: center;\"><span style=\"color: #024166;\"><strong>Contactez-nous<\/strong><\/span><\/p>\n<p>[\/et_pb_text][et_pb_divider height=\u00bb53px\u00bb _builder_version=\u00bb3.2&#8243;][\/et_pb_divider][et_pb_blurb url=\u00bbhttps:\/\/mejorcomparo.com\/\u00bb url_new_window=\u00bbon\u00bb use_icon=\u00bbon\u00bb font_icon=\u00bb%%107%%\u00bb icon_color=\u00bb#00629b\u00bb icon_placement=\u00bbleft\u00bb use_icon_font_size=\u00bbon\u00bb icon_font_size=\u00bb20px\u00bb _builder_version=\u00bb4.1&#8243; header_text_align=\u00bbcenter\u00bb header_font_size=\u00bb25&#8243; body_text_align=\u00bbcenter\u00bb body_font_size=\u00bb16&#8243; text_orientation=\u00bbjustified\u00bb animation=\u00bboff\u00bb] https:\/\/mejorcomparo.com\/ [\/et_pb_blurb][et_pb_blurb url=\u00bbhttps:\/\/mejorcomparo.com\/contacta-con-nosotros\/\u00bb url_new_window=\u00bbon\u00bb use_icon=\u00bbon\u00bb font_icon=\u00bb%%109%%\u00bb icon_color=\u00bb#00629b\u00bb icon_placement=\u00bbleft\u00bb use_icon_font_size=\u00bbon\u00bb icon_font_size=\u00bb20px\u00bb _builder_version=\u00bb3.0.89&#8243; header_text_align=\u00bbcenter\u00bb header_font_size=\u00bb25&#8243; body_text_align=\u00bbcenter\u00bb body_font_size=\u00bb16&#8243; text_orientation=\u00bbjustified\u00bb animation=\u00bboff\u00bb]info@mejorcomparo.com[\/et_pb_blurb][et_pb_divider _builder_version=\u00bb3.2&#8243;][\/et_pb_divider][et_pb_divider _builder_version=\u00bb3.2&#8243;][\/et_pb_divider][\/et_pb_column][\/et_pb_row][\/et_pb_section]<\/p>\n","protected":false},"excerpt":{"rendered":"<p>Mejor comparo : \u00c9tude comparative des meilleurs produits et services\u00a0Qu&#8217;est-ce que Mejor Comparo ? Mejor Comparo vise \u00e0 fournir des informations aux particuliers et aux entreprises pour les aider dans leur processus d&#8217;achat. Pour atteindre cet objectif, Mejor Comparo r\u00e9sume les informations d&#8217;un grand nombre d&#8217;entreprises et les pr\u00e9sente au public de mani\u00e8re simple afin [&hellip;]<\/p>\n","protected":false},"author":3,"featured_media":0,"parent":0,"menu_order":0,"comment_status":"closed","ping_status":"closed","template":"","meta":{"_et_pb_use_builder":"on","_et_pb_old_content":"","_et_gb_content_width":""},"yoast_head":"<!-- This site is optimized with the Yoast SEO plugin v18.0 - https:\/\/yoast.com\/wordpress\/plugins\/seo\/ -->\n<title>Mejor Comparo | Damaco Group<\/title>\n<meta name=\"description\" content=\"Mejor Comparo vise \u00e0 fournir des informations aux particuliers et aux entreprises pour les aider dans leur processus d\u2019achat.\" \/>\n<meta name=\"robots\" content=\"index, follow, max-snippet:-1, max-image-preview:large, max-video-preview:-1\" \/>\n<link rel=\"canonical\" href=\"https:\/\/damaco.es\/fr\/mejor-comparo\/\" \/>\n<meta property=\"og:locale\" content=\"es_ES\" \/>\n<meta property=\"og:type\" content=\"article\" \/>\n<meta property=\"og:title\" content=\"Mejor Comparo | Damaco Group\" \/>\n<meta property=\"og:description\" content=\"Mejor Comparo vise \u00e0 fournir des informations aux particuliers et aux entreprises pour les aider dans leur processus d\u2019achat.\" \/>\n<meta property=\"og:url\" content=\"https:\/\/damaco.es\/fr\/mejor-comparo\/\" \/>\n<meta property=\"og:site_name\" content=\"Damaco Group\" \/>\n<meta property=\"article:modified_time\" content=\"2020-02-03T09:48:57+00:00\" \/>\n<meta name=\"twitter:card\" content=\"summary_large_image\" \/>\n<meta name=\"twitter:label1\" content=\"Tiempo de lectura\" \/>\n\t<meta name=\"twitter:data1\" content=\"3 minutos\" \/>\n<script type=\"application\/ld+json\" class=\"yoast-schema-graph\">{\"@context\":\"https:\/\/schema.org\",\"@graph\":[{\"@type\":\"WebSite\",\"@id\":\"https:\/\/damaco.es\/fr\/#website\",\"url\":\"https:\/\/damaco.es\/fr\/\",\"name\":\"Damaco Group\",\"description\":\"\",\"potentialAction\":[{\"@type\":\"SearchAction\",\"target\":{\"@type\":\"EntryPoint\",\"urlTemplate\":\"https:\/\/damaco.es\/fr\/?s={search_term_string}\"},\"query-input\":\"required name=search_term_string\"}],\"inLanguage\":\"es\"},{\"@type\":\"WebPage\",\"@id\":\"https:\/\/damaco.es\/fr\/mejor-comparo\/#webpage\",\"url\":\"https:\/\/damaco.es\/fr\/mejor-comparo\/\",\"name\":\"Mejor Comparo | Damaco Group\",\"isPartOf\":{\"@id\":\"https:\/\/damaco.es\/fr\/#website\"},\"datePublished\":\"2020-01-17T15:39:48+00:00\",\"dateModified\":\"2020-02-03T09:48:57+00:00\",\"description\":\"Mejor Comparo vise \u00e0 fournir des informations aux particuliers et aux entreprises pour les aider dans leur processus d\u2019achat.\",\"breadcrumb\":{\"@id\":\"https:\/\/damaco.es\/fr\/mejor-comparo\/#breadcrumb\"},\"inLanguage\":\"es\",\"potentialAction\":[{\"@type\":\"ReadAction\",\"target\":[\"https:\/\/damaco.es\/fr\/mejor-comparo\/\"]}]},{\"@type\":\"BreadcrumbList\",\"@id\":\"https:\/\/damaco.es\/fr\/mejor-comparo\/#breadcrumb\",\"itemListElement\":[{\"@type\":\"ListItem\",\"position\":1,\"name\":\"Portada\",\"item\":\"https:\/\/damaco.es\/fr\/\"},{\"@type\":\"ListItem\",\"position\":2,\"name\":\"Mejor Comparo\"}]}]}<\/script>\n<!-- \/ Yoast SEO plugin. -->","yoast_head_json":{"title":"Mejor Comparo | Damaco Group","description":"Mejor Comparo vise \u00e0 fournir des informations aux particuliers et aux entreprises pour les aider dans leur processus d\u2019achat.","robots":{"index":"index","follow":"follow","max-snippet":"max-snippet:-1","max-image-preview":"max-image-preview:large","max-video-preview":"max-video-preview:-1"},"canonical":"https:\/\/damaco.es\/fr\/mejor-comparo\/","og_locale":"es_ES","og_type":"article","og_title":"Mejor Comparo | Damaco Group","og_description":"Mejor Comparo vise \u00e0 fournir des informations aux particuliers et aux entreprises pour les aider dans leur processus d\u2019achat.","og_url":"https:\/\/damaco.es\/fr\/mejor-comparo\/","og_site_name":"Damaco Group","article_modified_time":"2020-02-03T09:48:57+00:00","twitter_card":"summary_large_image","twitter_misc":{"Tiempo de lectura":"3 minutos"},"schema":{"@context":"https:\/\/schema.org","@graph":[{"@type":"WebSite","@id":"https:\/\/damaco.es\/fr\/#website","url":"https:\/\/damaco.es\/fr\/","name":"Damaco Group","description":"","potentialAction":[{"@type":"SearchAction","target":{"@type":"EntryPoint","urlTemplate":"https:\/\/damaco.es\/fr\/?s={search_term_string}"},"query-input":"required name=search_term_string"}],"inLanguage":"es"},{"@type":"WebPage","@id":"https:\/\/damaco.es\/fr\/mejor-comparo\/#webpage","url":"https:\/\/damaco.es\/fr\/mejor-comparo\/","name":"Mejor Comparo | Damaco Group","isPartOf":{"@id":"https:\/\/damaco.es\/fr\/#website"},"datePublished":"2020-01-17T15:39:48+00:00","dateModified":"2020-02-03T09:48:57+00:00","description":"Mejor Comparo vise \u00e0 fournir des informations aux particuliers et aux entreprises pour les aider dans leur processus d\u2019achat.","breadcrumb":{"@id":"https:\/\/damaco.es\/fr\/mejor-comparo\/#breadcrumb"},"inLanguage":"es","potentialAction":[{"@type":"ReadAction","target":["https:\/\/damaco.es\/fr\/mejor-comparo\/"]}]},{"@type":"BreadcrumbList","@id":"https:\/\/damaco.es\/fr\/mejor-comparo\/#breadcrumb","itemListElement":[{"@type":"ListItem","position":1,"name":"Portada","item":"https:\/\/damaco.es\/fr\/"},{"@type":"ListItem","position":2,"name":"Mejor Comparo"}]}]}},"_links":{"self":[{"href":"https:\/\/damaco.es\/fr\/wp-json\/wp\/v2\/pages\/1139"}],"collection":[{"href":"https:\/\/damaco.es\/fr\/wp-json\/wp\/v2\/pages"}],"about":[{"href":"https:\/\/damaco.es\/fr\/wp-json\/wp\/v2\/types\/page"}],"author":[{"embeddable":true,"href":"https:\/\/damaco.es\/fr\/wp-json\/wp\/v2\/users\/3"}],"replies":[{"embeddable":true,"href":"https:\/\/damaco.es\/fr\/wp-json\/wp\/v2\/comments?post=1139"}],"version-history":[{"count":5,"href":"https:\/\/damaco.es\/fr\/wp-json\/wp\/v2\/pages\/1139\/revisions"}],"predecessor-version":[{"id":1362,"href":"https:\/\/damaco.es\/fr\/wp-json\/wp\/v2\/pages\/1139\/revisions\/1362"}],"wp:attachment":[{"href":"https:\/\/damaco.es\/fr\/wp-json\/wp\/v2\/media?parent=1139"}],"curies":[{"name":"wp","href":"https:\/\/api.w.org\/{rel}","templated":true}]}}