{"id":1146,"date":"2020-01-17T16:01:41","date_gmt":"2020-01-17T16:01:41","guid":{"rendered":"https:\/\/damaco.es\/fr\/?page_id=1146"},"modified":"2020-02-03T09:49:58","modified_gmt":"2020-02-03T09:49:58","slug":"abogados","status":"publish","type":"page","link":"https:\/\/damaco.es\/fr\/abogados\/","title":{"rendered":"Abogado.org"},"content":{"rendered":"<p>[et_pb_section fb_built=\u00bb1&#8243; fullwidth=\u00bbon\u00bb _builder_version=\u00bb3.22&#8243;][et_pb_fullwidth_header _builder_version=\u00bb3.16&#8243; title_line_height=\u00bb2em\u00bb content_font_size=\u00bb30&#8243; content_line_height=\u00bb2em\u00bb background_color=\u00bb#00629b\u00bb]<\/p>\n<p style=\"text-align: center;\"><span style=\"color: #ffffff;\">Abogado.org : \u00c9tude comparative des meilleurs cabinets d&#8217;avocat\u00a0<\/span><\/p>\n<p>[\/et_pb_fullwidth_header][\/et_pb_section][et_pb_section fb_built=\u00bb1&#8243; _builder_version=\u00bb3.22&#8243; use_background_color_gradient=\u00bbon\u00bb background_color_gradient_start=\u00bb#eff8fb\u00bb background_color_gradient_end=\u00bb#fdfefe\u00bb background_color_gradient_direction=\u00bb183deg\u00bb background_color_gradient_start_position=\u00bb19%\u00bb background_color_gradient_end_position=\u00bb72%\u00bb][et_pb_row _builder_version=\u00bb4.1&#8243;][et_pb_column type=\u00bb4_4&#8243; _builder_version=\u00bb3.0.47&#8243; parallax=\u00bboff\u00bb parallax_method=\u00bbon\u00bb][et_pb_image src=\u00bbhttps:\/\/damaco.es\/fr\/wp-content\/uploads\/2020\/01\/abogado.png\u00bb align=\u00bbcenter\u00bb _builder_version=\u00bb3.0.89&#8243;][\/et_pb_image][et_pb_text _builder_version=\u00bb3.27.4&#8243; text_text_color=\u00bb#052d56&#8243; text_line_height=\u00bb2em\u00bb header_font_size=\u00bb26&#8243; header_text_color=\u00bb#052d56&#8243; header_line_height=\u00bb2em\u00bb]<\/p>\n<h1 style=\"text-align: center;\"><strong><span style=\"color: #052d56;\">Qu&#8217;est-ce que Abogado.org ?<\/span><\/strong><\/h1>\n<hr>\n<p>[\/et_pb_text][et_pb_text disabled_on=\u00bboff|off|off\u00bb _builder_version=\u00bb3.0.89&#8243; text_font_size=\u00bb20px\u00bb text_text_color=\u00bb#052d56&#8243; text_line_height=\u00bb2.2em\u00bb header_font_size=\u00bb25&#8243; text_orientation=\u00bbjustified\u00bb module_alignment=\u00bbleft\u00bb]Abogado.org est un projet sp\u00e9cialis\u00e9 de mejorcomparo.com. Le but de abogado.org est de fournir des informations utiles rapidement et facilement afin d&#8217;aider les particuliers et les entreprises \u00e0 prendre les <strong>bonnes d\u00e9cisions<\/strong>. Pour atteindre cet objectif, abogado.org r\u00e9sume les informations provenant d&#8217;un grand nombre d&#8217;entreprises et les pr\u00e9sente au public de mani\u00e8re simple afin que celui-ci puisse prendre la meilleure d\u00e9cision.<\/p>\n<p><strong>Comment cela fonctionne-t-il<\/strong> ? Abogado.org se charge de contacter les cabinets pour rechercher et recueillir les informations n\u00e9cessaires pour aider les clients \u00e0 choisir le bon avocat.<\/p>\n<p>Gr\u00e2ce \u00e0 cette soci\u00e9t\u00e9, les clients n&#8217;ont qu&#8217;\u00e0 choisir parmi les <strong>meilleurs prestataires<\/strong> s\u00e9lectionn\u00e9s par Abogado.org.[\/et_pb_text][\/et_pb_column][\/et_pb_row][\/et_pb_section][et_pb_section fb_built=\u00bb1&#8243; background_color=\u00bb#00629b\u00bb _builder_version=\u00bb3.0.89&#8243; background_size=\u00bbinitial\u00bb background_repeat=\u00bbrepeat\u00bb][et_pb_row use_custom_width=\u00bbon\u00bb width_unit=\u00bboff\u00bb _builder_version=\u00bb3.0.89&#8243;][et_pb_column type=\u00bb1_3&#8243; _builder_version=\u00bb3.0.47&#8243; parallax=\u00bboff\u00bb parallax_method=\u00bbon\u00bb][et_pb_image src=\u00bbhttps:\/\/damaco.es\/fr\/wp-content\/uploads\/2020\/01\/justicia.jpg\u00bb _builder_version=\u00bb3.0.89&#8243; custom_margin=\u00bb30px|||\u00bb][\/et_pb_image][\/et_pb_column][et_pb_column type=\u00bb1_3&#8243; _builder_version=\u00bb3.0.47&#8243; parallax=\u00bboff\u00bb parallax_method=\u00bbon\u00bb][et_pb_image src=\u00bbhttps:\/\/damaco.es\/fr\/wp-content\/uploads\/2020\/01\/comparativa.jpg\u00bb _builder_version=\u00bb3.0.89&#8243;][\/et_pb_image][\/et_pb_column][et_pb_column type=\u00bb1_3&#8243; _builder_version=\u00bb3.0.47&#8243; parallax=\u00bboff\u00bb parallax_method=\u00bbon\u00bb][et_pb_image src=\u00bbhttps:\/\/damaco.es\/fr\/wp-content\/uploads\/2020\/01\/compra.jpg\u00bb _builder_version=\u00bb3.0.89&#8243;][\/et_pb_image][\/et_pb_column][\/et_pb_row][\/et_pb_section][et_pb_section fb_built=\u00bb1&#8243; fullwidth=\u00bbon\u00bb _builder_version=\u00bb3.0.89&#8243;][\/et_pb_section][et_pb_section fb_built=\u00bb1&#8243; _builder_version=\u00bb3.22&#8243; use_background_color_gradient=\u00bbon\u00bb background_color_gradient_start=\u00bb#fdfefe\u00bb background_color_gradient_end=\u00bb#eff8fb\u00bb][et_pb_row use_custom_width=\u00bbon\u00bb custom_width_px=\u00bb1643&#8243; _builder_version=\u00bb3.25&#8243;][et_pb_column type=\u00bb4_4&#8243; _builder_version=\u00bb3.0.47&#8243; parallax=\u00bboff\u00bb parallax_method=\u00bbon\u00bb][et_pb_text _builder_version=\u00bb3.0.89&#8243; text_font_size=\u00bb25&#8243; header_font_size=\u00bb26px\u00bb]<\/p>\n<p style=\"text-align: center;\"><span style=\"color: #024166;\"><strong>Contactez-nous<\/strong><\/span><\/p>\n<p>[\/et_pb_text][et_pb_divider height=\u00bb53px\u00bb _builder_version=\u00bb3.2&#8243;][\/et_pb_divider][et_pb_blurb url=\u00bbhttps:\/\/www.abogado.org\/\u00bb url_new_window=\u00bbon\u00bb use_icon=\u00bbon\u00bb font_icon=\u00bb%%107%%\u00bb icon_color=\u00bb#00629b\u00bb icon_placement=\u00bbleft\u00bb content_max_width=\u00bb547px\u00bb use_icon_font_size=\u00bbon\u00bb icon_font_size=\u00bb20px\u00bb _builder_version=\u00bb3.0.89&#8243; header_text_align=\u00bbcenter\u00bb header_font_size=\u00bb25&#8243; body_text_align=\u00bbcenter\u00bb body_font_size=\u00bb16&#8243; text_orientation=\u00bbjustified\u00bb custom_margin=\u00bb|||\u00bb animation=\u00bboff\u00bb] https:\/\/www.abogado.org\/ [\/et_pb_blurb][et_pb_blurb url=\u00bbhttps:\/\/mejorcomparo.com\/contacta-con-nosotros\/\u00bb url_new_window=\u00bbon\u00bb use_icon=\u00bbon\u00bb font_icon=\u00bb%%109%%\u00bb icon_color=\u00bb#00629b\u00bb icon_placement=\u00bbleft\u00bb use_icon_font_size=\u00bbon\u00bb icon_font_size=\u00bb20px\u00bb _builder_version=\u00bb3.0.89&#8243; header_text_align=\u00bbcenter\u00bb header_font_size=\u00bb25&#8243; body_text_align=\u00bbcenter\u00bb body_font_size=\u00bb16&#8243; text_orientation=\u00bbjustified\u00bb animation=\u00bboff\u00bb] info@abogado.org [\/et_pb_blurb][et_pb_divider _builder_version=\u00bb3.2&#8243;][\/et_pb_divider][et_pb_divider _builder_version=\u00bb3.2&#8243;][\/et_pb_divider][\/et_pb_column][\/et_pb_row][\/et_pb_section]<\/p>\n","protected":false},"excerpt":{"rendered":"<p>Abogado.org : \u00c9tude comparative des meilleurs cabinets d&#8217;avocat\u00a0Qu&#8217;est-ce que Abogado.org ? Abogado.org est un projet sp\u00e9cialis\u00e9 de mejorcomparo.com. Le but de abogado.org est de fournir des informations utiles rapidement et facilement afin d&#8217;aider les particuliers et les entreprises \u00e0 prendre les bonnes d\u00e9cisions. Pour atteindre cet objectif, abogado.org r\u00e9sume les informations provenant d&#8217;un grand nombre [&hellip;]<\/p>\n","protected":false},"author":3,"featured_media":0,"parent":0,"menu_order":0,"comment_status":"closed","ping_status":"closed","template":"","meta":{"_et_pb_use_builder":"on","_et_pb_old_content":"","_et_gb_content_width":""},"yoast_head":"<!-- This site is optimized with the Yoast SEO plugin v18.0 - https:\/\/yoast.com\/wordpress\/plugins\/seo\/ -->\n<title>Abogado.org | Grupo Damaco<\/title>\n<meta name=\"description\" content=\"Abogado.org est un projet sp\u00e9cialis\u00e9 de mejorcomparo.com. Son but est d\u2019aider les particuliers et les entreprises \u00e0 prendre les bonnes d\u00e9cisions.\" \/>\n<meta name=\"robots\" content=\"index, follow, max-snippet:-1, max-image-preview:large, max-video-preview:-1\" \/>\n<link rel=\"canonical\" href=\"https:\/\/damaco.es\/fr\/abogados\/\" \/>\n<meta property=\"og:locale\" content=\"es_ES\" \/>\n<meta property=\"og:type\" content=\"article\" \/>\n<meta property=\"og:title\" content=\"Abogado.org | Grupo Damaco\" \/>\n<meta property=\"og:description\" content=\"Abogado.org est un projet sp\u00e9cialis\u00e9 de mejorcomparo.com. Son but est d\u2019aider les particuliers et les entreprises \u00e0 prendre les bonnes d\u00e9cisions.\" \/>\n<meta property=\"og:url\" content=\"https:\/\/damaco.es\/fr\/abogados\/\" \/>\n<meta property=\"og:site_name\" content=\"Damaco Group\" \/>\n<meta property=\"article:modified_time\" content=\"2020-02-03T09:49:58+00:00\" \/>\n<meta name=\"twitter:card\" content=\"summary_large_image\" \/>\n<meta name=\"twitter:label1\" content=\"Tiempo de lectura\" \/>\n\t<meta name=\"twitter:data1\" content=\"3 minutos\" \/>\n<script type=\"application\/ld+json\" class=\"yoast-schema-graph\">{\"@context\":\"https:\/\/schema.org\",\"@graph\":[{\"@type\":\"WebSite\",\"@id\":\"https:\/\/damaco.es\/fr\/#website\",\"url\":\"https:\/\/damaco.es\/fr\/\",\"name\":\"Damaco Group\",\"description\":\"\",\"potentialAction\":[{\"@type\":\"SearchAction\",\"target\":{\"@type\":\"EntryPoint\",\"urlTemplate\":\"https:\/\/damaco.es\/fr\/?s={search_term_string}\"},\"query-input\":\"required name=search_term_string\"}],\"inLanguage\":\"es\"},{\"@type\":\"WebPage\",\"@id\":\"https:\/\/damaco.es\/fr\/abogados\/#webpage\",\"url\":\"https:\/\/damaco.es\/fr\/abogados\/\",\"name\":\"Abogado.org | Grupo Damaco\",\"isPartOf\":{\"@id\":\"https:\/\/damaco.es\/fr\/#website\"},\"datePublished\":\"2020-01-17T16:01:41+00:00\",\"dateModified\":\"2020-02-03T09:49:58+00:00\",\"description\":\"Abogado.org est un projet sp\u00e9cialis\u00e9 de mejorcomparo.com. Son but est d\u2019aider les particuliers et les entreprises \u00e0 prendre les bonnes d\u00e9cisions.\",\"breadcrumb\":{\"@id\":\"https:\/\/damaco.es\/fr\/abogados\/#breadcrumb\"},\"inLanguage\":\"es\",\"potentialAction\":[{\"@type\":\"ReadAction\",\"target\":[\"https:\/\/damaco.es\/fr\/abogados\/\"]}]},{\"@type\":\"BreadcrumbList\",\"@id\":\"https:\/\/damaco.es\/fr\/abogados\/#breadcrumb\",\"itemListElement\":[{\"@type\":\"ListItem\",\"position\":1,\"name\":\"Portada\",\"item\":\"https:\/\/damaco.es\/fr\/\"},{\"@type\":\"ListItem\",\"position\":2,\"name\":\"Abogado.org\"}]}]}<\/script>\n<!-- \/ Yoast SEO plugin. -->","yoast_head_json":{"title":"Abogado.org | Grupo Damaco","description":"Abogado.org est un projet sp\u00e9cialis\u00e9 de mejorcomparo.com. Son but est d\u2019aider les particuliers et les entreprises \u00e0 prendre les bonnes d\u00e9cisions.","robots":{"index":"index","follow":"follow","max-snippet":"max-snippet:-1","max-image-preview":"max-image-preview:large","max-video-preview":"max-video-preview:-1"},"canonical":"https:\/\/damaco.es\/fr\/abogados\/","og_locale":"es_ES","og_type":"article","og_title":"Abogado.org | Grupo Damaco","og_description":"Abogado.org est un projet sp\u00e9cialis\u00e9 de mejorcomparo.com. Son but est d\u2019aider les particuliers et les entreprises \u00e0 prendre les bonnes d\u00e9cisions.","og_url":"https:\/\/damaco.es\/fr\/abogados\/","og_site_name":"Damaco Group","article_modified_time":"2020-02-03T09:49:58+00:00","twitter_card":"summary_large_image","twitter_misc":{"Tiempo de lectura":"3 minutos"},"schema":{"@context":"https:\/\/schema.org","@graph":[{"@type":"WebSite","@id":"https:\/\/damaco.es\/fr\/#website","url":"https:\/\/damaco.es\/fr\/","name":"Damaco Group","description":"","potentialAction":[{"@type":"SearchAction","target":{"@type":"EntryPoint","urlTemplate":"https:\/\/damaco.es\/fr\/?s={search_term_string}"},"query-input":"required name=search_term_string"}],"inLanguage":"es"},{"@type":"WebPage","@id":"https:\/\/damaco.es\/fr\/abogados\/#webpage","url":"https:\/\/damaco.es\/fr\/abogados\/","name":"Abogado.org | Grupo Damaco","isPartOf":{"@id":"https:\/\/damaco.es\/fr\/#website"},"datePublished":"2020-01-17T16:01:41+00:00","dateModified":"2020-02-03T09:49:58+00:00","description":"Abogado.org est un projet sp\u00e9cialis\u00e9 de mejorcomparo.com. Son but est d\u2019aider les particuliers et les entreprises \u00e0 prendre les bonnes d\u00e9cisions.","breadcrumb":{"@id":"https:\/\/damaco.es\/fr\/abogados\/#breadcrumb"},"inLanguage":"es","potentialAction":[{"@type":"ReadAction","target":["https:\/\/damaco.es\/fr\/abogados\/"]}]},{"@type":"BreadcrumbList","@id":"https:\/\/damaco.es\/fr\/abogados\/#breadcrumb","itemListElement":[{"@type":"ListItem","position":1,"name":"Portada","item":"https:\/\/damaco.es\/fr\/"},{"@type":"ListItem","position":2,"name":"Abogado.org"}]}]}},"_links":{"self":[{"href":"https:\/\/damaco.es\/fr\/wp-json\/wp\/v2\/pages\/1146"}],"collection":[{"href":"https:\/\/damaco.es\/fr\/wp-json\/wp\/v2\/pages"}],"about":[{"href":"https:\/\/damaco.es\/fr\/wp-json\/wp\/v2\/types\/page"}],"author":[{"embeddable":true,"href":"https:\/\/damaco.es\/fr\/wp-json\/wp\/v2\/users\/3"}],"replies":[{"embeddable":true,"href":"https:\/\/damaco.es\/fr\/wp-json\/wp\/v2\/comments?post=1146"}],"version-history":[{"count":5,"href":"https:\/\/damaco.es\/fr\/wp-json\/wp\/v2\/pages\/1146\/revisions"}],"predecessor-version":[{"id":1364,"href":"https:\/\/damaco.es\/fr\/wp-json\/wp\/v2\/pages\/1146\/revisions\/1364"}],"wp:attachment":[{"href":"https:\/\/damaco.es\/fr\/wp-json\/wp\/v2\/media?parent=1146"}],"curies":[{"name":"wp","href":"https:\/\/api.w.org\/{rel}","templated":true}]}}