{"id":489,"date":"2017-11-27T15:41:10","date_gmt":"2017-11-27T15:41:10","guid":{"rendered":"https:\/\/damaco.es\/?page_id=489"},"modified":"2020-01-21T10:47:47","modified_gmt":"2020-01-21T10:47:47","slug":"contact","status":"publish","type":"page","link":"https:\/\/damaco.es\/fr\/contact\/","title":{"rendered":"Contactez-nous"},"content":{"rendered":"<p>[et_pb_section fb_built=\u00bb1&#8243; _builder_version=\u00bb3.0.89&#8243; use_background_color_gradient=\u00bbon\u00bb background_color_gradient_start=\u00bb#00629b\u00bb background_color_gradient_end=\u00bb#005b82&#8243;][et_pb_row _builder_version=\u00bb3.0.89&#8243;][et_pb_column type=\u00bb4_4&#8243; _builder_version=\u00bb3.0.47&#8243; parallax=\u00bboff\u00bb parallax_method=\u00bbon\u00bb][et_pb_text _builder_version=\u00bb3.0.89&#8243; text_line_height=\u00bb1.9em\u00bb header_line_height=\u00bb1.7em\u00bb]\u00a0<\/p>\n<h1 style=\"text-align: center;\"><span style=\"color: #ffffff;\">Contactez-nous<\/span><\/h1>\n<p>[\/et_pb_text][\/et_pb_column][\/et_pb_row][\/et_pb_section][et_pb_section fb_built=\u00bb1&#8243; _builder_version=\u00bb3.0.47&#8243;][et_pb_row _builder_version=\u00bb3.0.89&#8243;][et_pb_column type=\u00bb1_3&#8243; _builder_version=\u00bb3.0.89&#8243; parallax=\u00bboff\u00bb parallax_method=\u00bbon\u00bb][\/et_pb_column][et_pb_column type=\u00bb1_3&#8243; _builder_version=\u00bb3.0.89&#8243; parallax=\u00bboff\u00bb parallax_method=\u00bbon\u00bb][et_pb_text _builder_version=\u00bb3.0.89&#8243;]\n<div class=\"wpcf7 no-js\" id=\"wpcf7-f740-o1\" lang=\"es-ES\" dir=\"ltr\" data-wpcf7-id=\"740\">\n<div class=\"screen-reader-response\"><p role=\"status\" aria-live=\"polite\" aria-atomic=\"true\"><\/p> <ul><\/ul><\/div>\n<form action=\"\/fr\/wp-json\/wp\/v2\/pages\/489#wpcf7-f740-o1\" method=\"post\" class=\"wpcf7-form init\" aria-label=\"Formulario de contacto\" enctype=\"multipart\/form-data\" novalidate=\"novalidate\" data-status=\"init\">\n<fieldset class=\"hidden-fields-container\"><input type=\"hidden\" name=\"_wpcf7\" value=\"740\" \/><input type=\"hidden\" name=\"_wpcf7_version\" value=\"6.1.5\" \/><input type=\"hidden\" name=\"_wpcf7_locale\" value=\"es_ES\" \/><input type=\"hidden\" name=\"_wpcf7_unit_tag\" value=\"wpcf7-f740-o1\" \/><input type=\"hidden\" name=\"_wpcf7_container_post\" value=\"0\" \/><input type=\"hidden\" name=\"_wpcf7_posted_data_hash\" value=\"\" \/>\n<\/fieldset>\n<p><label> Nom (obligatoire)<br \/>\n<span class=\"wpcf7-form-control-wrap\" data-name=\"your-name\"><input size=\"40\" maxlength=\"400\" class=\"wpcf7-form-control wpcf7-text wpcf7-validates-as-required\" aria-required=\"true\" aria-invalid=\"false\" value=\"\" type=\"text\" name=\"your-name\" \/><\/span> <\/label>\n<\/p>\n<p><label> Votre email (obligatoire)<br \/>\n<span class=\"wpcf7-form-control-wrap\" data-name=\"your-email\"><input size=\"40\" maxlength=\"400\" class=\"wpcf7-form-control wpcf7-email wpcf7-validates-as-required wpcf7-text wpcf7-validates-as-email\" aria-required=\"true\" aria-invalid=\"false\" value=\"\" type=\"email\" name=\"your-email\" \/><\/span> <\/label>\n<\/p>\n<p><label> Sujet<br \/>\n<span class=\"wpcf7-form-control-wrap\" data-name=\"your-subject\"><input size=\"40\" maxlength=\"400\" class=\"wpcf7-form-control wpcf7-text\" aria-invalid=\"false\" value=\"\" type=\"text\" name=\"your-subject\" \/><\/span> <\/label>\n<\/p>\n<p><label> Votre message<br \/>\n<span class=\"wpcf7-form-control-wrap\" data-name=\"your-message\"><textarea cols=\"40\" rows=\"10\" maxlength=\"2000\" class=\"wpcf7-form-control wpcf7-textarea\" aria-invalid=\"false\" name=\"your-message\"><\/textarea><\/span> <\/label>\n<\/p>\n<p><span class=\"wpcf7-form-control-wrap\" data-name=\"file-58\"><input size=\"40\" class=\"wpcf7-form-control wpcf7-file wpcf7-validates-as-required\" accept=\"audio\/*,video\/*,image\/*\" aria-required=\"true\" aria-invalid=\"false\" type=\"file\" name=\"file-58\" \/><\/span>\n<\/p>\n<p><input class=\"wpcf7-form-control wpcf7-submit has-spinner\" type=\"submit\" value=\"Envoyer\" \/>\n<\/p><div class=\"wpcf7-response-output\" aria-hidden=\"true\"><\/div>\n<\/form>\n<\/div>\n[\/et_pb_text][\/et_pb_column][et_pb_column type=\u00bb1_3&#8243; _builder_version=\u00bb3.0.89&#8243; parallax=\u00bboff\u00bb parallax_method=\u00bbon\u00bb][\/et_pb_column][\/et_pb_row][\/et_pb_section]<\/p>\n","protected":false},"excerpt":{"rendered":"<p>\u00a0 Contactez-nous\n<div class=\"wpcf7 no-js\" id=\"wpcf7-f740-o2\" lang=\"es-ES\" dir=\"ltr\" data-wpcf7-id=\"740\">\n<div class=\"screen-reader-response\"><p role=\"status\" aria-live=\"polite\" aria-atomic=\"true\"><\/p> <ul><\/ul><\/div>\n<form action=\"\/fr\/wp-json\/wp\/v2\/pages\/489#wpcf7-f740-o2\" method=\"post\" class=\"wpcf7-form init\" aria-label=\"Formulario de contacto\" enctype=\"multipart\/form-data\" novalidate=\"novalidate\" data-status=\"init\">\n<fieldset class=\"hidden-fields-container\"><input type=\"hidden\" name=\"_wpcf7\" value=\"740\" \/><input type=\"hidden\" name=\"_wpcf7_version\" value=\"6.1.5\" \/><input type=\"hidden\" name=\"_wpcf7_locale\" value=\"es_ES\" \/><input type=\"hidden\" name=\"_wpcf7_unit_tag\" value=\"wpcf7-f740-o2\" \/><input type=\"hidden\" name=\"_wpcf7_container_post\" value=\"0\" \/><input type=\"hidden\" name=\"_wpcf7_posted_data_hash\" value=\"\" \/>\n<\/fieldset>\n<p><label> Nom (obligatoire)<br \/>\n<span class=\"wpcf7-form-control-wrap\" data-name=\"your-name\"><input size=\"40\" maxlength=\"400\" class=\"wpcf7-form-control wpcf7-text wpcf7-validates-as-required\" aria-required=\"true\" aria-invalid=\"false\" value=\"\" type=\"text\" name=\"your-name\" \/><\/span> <\/label>\n<\/p>\n<p><label> Votre email (obligatoire)<br \/>\n<span class=\"wpcf7-form-control-wrap\" data-name=\"your-email\"><input size=\"40\" maxlength=\"400\" class=\"wpcf7-form-control wpcf7-email wpcf7-validates-as-required wpcf7-text wpcf7-validates-as-email\" aria-required=\"true\" aria-invalid=\"false\" value=\"\" type=\"email\" name=\"your-email\" \/><\/span> <\/label>\n<\/p>\n<p><label> Sujet<br \/>\n<span class=\"wpcf7-form-control-wrap\" data-name=\"your-subject\"><input size=\"40\" maxlength=\"400\" class=\"wpcf7-form-control wpcf7-text\" aria-invalid=\"false\" value=\"\" type=\"text\" name=\"your-subject\" \/><\/span> <\/label>\n<\/p>\n<p><label> Votre message<br \/>\n<span class=\"wpcf7-form-control-wrap\" data-name=\"your-message\"><textarea cols=\"40\" rows=\"10\" maxlength=\"2000\" class=\"wpcf7-form-control wpcf7-textarea\" aria-invalid=\"false\" name=\"your-message\"><\/textarea><\/span> <\/label>\n<\/p>\n<p><span class=\"wpcf7-form-control-wrap\" data-name=\"file-58\"><input size=\"40\" class=\"wpcf7-form-control wpcf7-file wpcf7-validates-as-required\" accept=\"audio\/*,video\/*,image\/*\" aria-required=\"true\" aria-invalid=\"false\" type=\"file\" name=\"file-58\" \/><\/span>\n<\/p>\n<p><input class=\"wpcf7-form-control wpcf7-submit has-spinner\" type=\"submit\" value=\"Envoyer\" \/>\n<\/p><div class=\"wpcf7-response-output\" aria-hidden=\"true\"><\/div>\n<\/form>\n<\/div>\n<\/p>\n","protected":false},"author":3,"featured_media":0,"parent":0,"menu_order":0,"comment_status":"closed","ping_status":"open","template":"","meta":{"_et_pb_use_builder":"on","_et_pb_old_content":"","_et_gb_content_width":"","footnotes":""},"class_list":["post-489","page","type-page","status-publish","hentry"],"yoast_head":"<!-- This site is optimized with the Yoast SEO plugin v27.5 - https:\/\/yoast.com\/product\/yoast-seo-wordpress\/ -->\n<title>Contactez-nous | Damaco Group<\/title>\n<meta name=\"description\" content=\"Vous avez un projet int\u00e9ressant \u00e0 nous faire part ? N&#039;h\u00e9sitez-pas, nous serons ravis de vous aider \u00e0 le mettre en oeuvre.\" \/>\n<meta name=\"robots\" content=\"index, follow, max-snippet:-1, max-image-preview:large, max-video-preview:-1\" \/>\n<link rel=\"canonical\" href=\"https:\/\/damaco.es\/fr\/contact\/\" \/>\n<meta property=\"og:locale\" content=\"es_ES\" \/>\n<meta property=\"og:type\" content=\"article\" \/>\n<meta property=\"og:title\" content=\"Contactez-nous | Damaco Group\" \/>\n<meta property=\"og:description\" content=\"Vous avez un projet int\u00e9ressant \u00e0 nous faire part ? N&#039;h\u00e9sitez-pas, nous serons ravis de vous aider \u00e0 le mettre en oeuvre.\" \/>\n<meta property=\"og:url\" content=\"https:\/\/damaco.es\/fr\/contact\/\" \/>\n<meta property=\"og:site_name\" content=\"Damaco Group\" \/>\n<meta property=\"article:modified_time\" content=\"2020-01-21T10:47:47+00:00\" \/>\n<meta name=\"twitter:card\" content=\"summary_large_image\" \/>\n<meta name=\"twitter:label1\" content=\"Tiempo de lectura\" \/>\n\t<meta name=\"twitter:data1\" content=\"1 minuto\" \/>\n<script type=\"application\/ld+json\" class=\"yoast-schema-graph\">{\"@context\":\"https:\\\/\\\/schema.org\",\"@graph\":[{\"@type\":\"WebPage\",\"@id\":\"https:\\\/\\\/damaco.es\\\/fr\\\/contact\\\/\",\"url\":\"https:\\\/\\\/damaco.es\\\/fr\\\/contact\\\/\",\"name\":\"Contactez-nous | Damaco Group\",\"isPartOf\":{\"@id\":\"https:\\\/\\\/damaco.es\\\/fr\\\/#website\"},\"datePublished\":\"2017-11-27T15:41:10+00:00\",\"dateModified\":\"2020-01-21T10:47:47+00:00\",\"description\":\"Vous avez un projet int\u00e9ressant \u00e0 nous faire part ? N'h\u00e9sitez-pas, nous serons ravis de vous aider \u00e0 le mettre en oeuvre.\",\"breadcrumb\":{\"@id\":\"https:\\\/\\\/damaco.es\\\/fr\\\/contact\\\/#breadcrumb\"},\"inLanguage\":\"es\",\"potentialAction\":[{\"@type\":\"ReadAction\",\"target\":[\"https:\\\/\\\/damaco.es\\\/fr\\\/contact\\\/\"]}]},{\"@type\":\"BreadcrumbList\",\"@id\":\"https:\\\/\\\/damaco.es\\\/fr\\\/contact\\\/#breadcrumb\",\"itemListElement\":[{\"@type\":\"ListItem\",\"position\":1,\"name\":\"Portada\",\"item\":\"https:\\\/\\\/damaco.es\\\/fr\\\/\"},{\"@type\":\"ListItem\",\"position\":2,\"name\":\"Contactez-nous\"}]},{\"@type\":\"WebSite\",\"@id\":\"https:\\\/\\\/damaco.es\\\/fr\\\/#website\",\"url\":\"https:\\\/\\\/damaco.es\\\/fr\\\/\",\"name\":\"Damaco Group\",\"description\":\"\",\"potentialAction\":[{\"@type\":\"SearchAction\",\"target\":{\"@type\":\"EntryPoint\",\"urlTemplate\":\"https:\\\/\\\/damaco.es\\\/fr\\\/?s={search_term_string}\"},\"query-input\":{\"@type\":\"PropertyValueSpecification\",\"valueRequired\":true,\"valueName\":\"search_term_string\"}}],\"inLanguage\":\"es\"}]}<\/script>\n<!-- \/ Yoast SEO plugin. -->","yoast_head_json":{"title":"Contactez-nous | Damaco Group","description":"Vous avez un projet int\u00e9ressant \u00e0 nous faire part ? N'h\u00e9sitez-pas, nous serons ravis de vous aider \u00e0 le mettre en oeuvre.","robots":{"index":"index","follow":"follow","max-snippet":"max-snippet:-1","max-image-preview":"max-image-preview:large","max-video-preview":"max-video-preview:-1"},"canonical":"https:\/\/damaco.es\/fr\/contact\/","og_locale":"es_ES","og_type":"article","og_title":"Contactez-nous | Damaco Group","og_description":"Vous avez un projet int\u00e9ressant \u00e0 nous faire part ? N'h\u00e9sitez-pas, nous serons ravis de vous aider \u00e0 le mettre en oeuvre.","og_url":"https:\/\/damaco.es\/fr\/contact\/","og_site_name":"Damaco Group","article_modified_time":"2020-01-21T10:47:47+00:00","twitter_card":"summary_large_image","twitter_misc":{"Tiempo de lectura":"1 minuto"},"schema":{"@context":"https:\/\/schema.org","@graph":[{"@type":"WebPage","@id":"https:\/\/damaco.es\/fr\/contact\/","url":"https:\/\/damaco.es\/fr\/contact\/","name":"Contactez-nous | Damaco Group","isPartOf":{"@id":"https:\/\/damaco.es\/fr\/#website"},"datePublished":"2017-11-27T15:41:10+00:00","dateModified":"2020-01-21T10:47:47+00:00","description":"Vous avez un projet int\u00e9ressant \u00e0 nous faire part ? N'h\u00e9sitez-pas, nous serons ravis de vous aider \u00e0 le mettre en oeuvre.","breadcrumb":{"@id":"https:\/\/damaco.es\/fr\/contact\/#breadcrumb"},"inLanguage":"es","potentialAction":[{"@type":"ReadAction","target":["https:\/\/damaco.es\/fr\/contact\/"]}]},{"@type":"BreadcrumbList","@id":"https:\/\/damaco.es\/fr\/contact\/#breadcrumb","itemListElement":[{"@type":"ListItem","position":1,"name":"Portada","item":"https:\/\/damaco.es\/fr\/"},{"@type":"ListItem","position":2,"name":"Contactez-nous"}]},{"@type":"WebSite","@id":"https:\/\/damaco.es\/fr\/#website","url":"https:\/\/damaco.es\/fr\/","name":"Damaco Group","description":"","potentialAction":[{"@type":"SearchAction","target":{"@type":"EntryPoint","urlTemplate":"https:\/\/damaco.es\/fr\/?s={search_term_string}"},"query-input":{"@type":"PropertyValueSpecification","valueRequired":true,"valueName":"search_term_string"}}],"inLanguage":"es"}]}},"_links":{"self":[{"href":"https:\/\/damaco.es\/fr\/wp-json\/wp\/v2\/pages\/489","targetHints":{"allow":["GET"]}}],"collection":[{"href":"https:\/\/damaco.es\/fr\/wp-json\/wp\/v2\/pages"}],"about":[{"href":"https:\/\/damaco.es\/fr\/wp-json\/wp\/v2\/types\/page"}],"author":[{"embeddable":true,"href":"https:\/\/damaco.es\/fr\/wp-json\/wp\/v2\/users\/3"}],"replies":[{"embeddable":true,"href":"https:\/\/damaco.es\/fr\/wp-json\/wp\/v2\/comments?post=489"}],"version-history":[{"count":5,"href":"https:\/\/damaco.es\/fr\/wp-json\/wp\/v2\/pages\/489\/revisions"}],"predecessor-version":[{"id":1257,"href":"https:\/\/damaco.es\/fr\/wp-json\/wp\/v2\/pages\/489\/revisions\/1257"}],"wp:attachment":[{"href":"https:\/\/damaco.es\/fr\/wp-json\/wp\/v2\/media?parent=489"}],"curies":[{"name":"wp","href":"https:\/\/api.w.org\/{rel}","templated":true}]}}