{"id":495,"date":"2017-11-27T15:42:04","date_gmt":"2017-11-27T15:42:04","guid":{"rendered":"https:\/\/damaco.es\/?page_id=495"},"modified":"2020-01-22T16:26:26","modified_gmt":"2020-01-22T16:26:26","slug":"work-with-us","status":"publish","type":"page","link":"https:\/\/damaco.es\/fr\/work-with-us\/","title":{"rendered":"Rejoinez-nous"},"content":{"rendered":"<p>[et_pb_section fb_built=\u00bb1&#8243; _builder_version=\u00bb3.0.89&#8243; use_background_color_gradient=\u00bbon\u00bb background_color_gradient_start=\u00bb#00629b\u00bb background_color_gradient_end=\u00bb#005b82&#8243;][et_pb_row _builder_version=\u00bb3.0.47&#8243; background_size=\u00bbinitial\u00bb background_position=\u00bbtop_left\u00bb background_repeat=\u00bbrepeat\u00bb][et_pb_column type=\u00bb4_4&#8243; _builder_version=\u00bb3.0.47&#8243; parallax=\u00bboff\u00bb parallax_method=\u00bbon\u00bb][et_pb_text _builder_version=\u00bb3.0.89&#8243; text_line_height=\u00bb1.9em\u00bb header_line_height=\u00bb1.7em\u00bb]\u00a0<\/p>\n<h1 style=\"text-align: center;\"><span style=\"color: #ffffff;\">Vous souhaiteriez travailler avec nous ? Envoyez-nous votre CV !<\/span><\/h1>\n<p>\u00a0[\/et_pb_text][\/et_pb_column][\/et_pb_row][\/et_pb_section][et_pb_section fb_built=\u00bb1&#8243; _builder_version=\u00bb3.0.89&#8243; use_background_color_gradient=\u00bbon\u00bb background_color_gradient_start=\u00bb#fdfefe\u00bb background_color_gradient_end=\u00bb#eff8fb\u00bb][et_pb_row _builder_version=\u00bb3.0.47&#8243; background_size=\u00bbinitial\u00bb background_position=\u00bbtop_left\u00bb background_repeat=\u00bbrepeat\u00bb][et_pb_column type=\u00bb1_2&#8243; _builder_version=\u00bb3.0.47&#8243; parallax=\u00bboff\u00bb parallax_method=\u00bbon\u00bb][et_pb_divider _builder_version=\u00bb3.0.89&#8243;][\/et_pb_divider][et_pb_blurb use_icon=\u00bbon\u00bb font_icon=\u00bb%%148%%\u00bb icon_color=\u00bb#ffffff\u00bb use_circle=\u00bbon\u00bb circle_color=\u00bb#00629b\u00bb _builder_version=\u00bb3.0.89&#8243; header_line_height=\u00bb2.1em\u00bb body_line_height=\u00bb2.1em\u00bb]<\/p>\n<h4 style=\"text-align: left;\"><span style=\"color: #052d56;\">Si vous \u00eates int\u00e9ress\u00e9 par l&#8217;un de nos projets ou que vous voudriez travailler avec nous, n&#8217;h\u00e9sitez pas \u00e0 nous envoyer votre proposition ou votre CV. Nous serions ravis de travailler avec vous.<\/span><\/h4>\n<p>[\/et_pb_blurb][\/et_pb_column][et_pb_column type=\u00bb1_2&#8243; _builder_version=\u00bb3.0.47&#8243; parallax=\u00bboff\u00bb parallax_method=\u00bbon\u00bb][et_pb_divider height=\u00bb100px\u00bb _builder_version=\u00bb3.0.89&#8243;][\/et_pb_divider][et_pb_divider height=\u00bb50px\u00bb _builder_version=\u00bb3.0.89&#8243;][\/et_pb_divider][et_pb_text _builder_version=\u00bb3.0.89&#8243; text_font=\u00bb||||||||\u00bb custom_margin_last_edited=\u00bbon|desktop\u00bb custom_margin_phone=\u00bb|||\u00bb]<\/p>\n<p style=\"text-align: center;\"><span style=\"color: #052d56;\">Avenida de la Constituci\u00f3n, 34<\/span><\/p>\n<p style=\"text-align: center;\"><span style=\"color: #052d56;\">41001 Seville (Espagne)<\/span><\/p>\n<p style=\"text-align: center;\"><span style=\"color: #052d56;\">T\u00e9l\u00e9phone : <a class=\"\u00bblistButton\" a=\"\" href=\"tel:+34 955 110 654 33\"> +34 955 110 654<\/a><\/span><\/p>\n<p style=\"text-align: center;\"><span style=\"color: #052d56;\"><a href=\"mailto:info@damaco.es\">info@damaco.es<\/a><\/span><\/p>\n<p>[\/et_pb_text][\/et_pb_column][\/et_pb_row][\/et_pb_section]<\/p>\n","protected":false},"excerpt":{"rendered":"<p>\u00a0 Vous souhaiteriez travailler avec nous ? Envoyez-nous votre CV ! \u00a0Si vous \u00eates int\u00e9ress\u00e9 par l&#8217;un de nos projets ou que vous voudriez travailler avec nous, n&#8217;h\u00e9sitez pas \u00e0 nous envoyer votre proposition ou votre CV. Nous serions ravis de travailler avec vous.Avenida de la Constituci\u00f3n, 34 41001 Seville (Espagne) T\u00e9l\u00e9phone : +34 955 [&hellip;]<\/p>\n","protected":false},"author":3,"featured_media":0,"parent":0,"menu_order":0,"comment_status":"closed","ping_status":"open","template":"","meta":{"_et_pb_use_builder":"on","_et_pb_old_content":"","_et_gb_content_width":""},"yoast_head":"<!-- This site is optimized with the Yoast SEO plugin v18.0 - https:\/\/yoast.com\/wordpress\/plugins\/seo\/ -->\n<title>Rejoignez-nous | Damaco Group<\/title>\n<meta name=\"description\" content=\"Si vous souhaitez rejoindre notre \u00e9quipe, nous serons ravis de recevoir votre CV. N&#039;h\u00e9sitez-pas \u00e0 nous contacter et nous envoyer votre CV.\" \/>\n<meta name=\"robots\" content=\"index, follow, max-snippet:-1, max-image-preview:large, max-video-preview:-1\" \/>\n<link rel=\"canonical\" href=\"https:\/\/damaco.es\/fr\/work-with-us\/\" \/>\n<meta property=\"og:locale\" content=\"es_ES\" \/>\n<meta property=\"og:type\" content=\"article\" \/>\n<meta property=\"og:title\" content=\"Rejoignez-nous | Damaco Group\" \/>\n<meta property=\"og:description\" content=\"Si vous souhaitez rejoindre notre \u00e9quipe, nous serons ravis de recevoir votre CV. N&#039;h\u00e9sitez-pas \u00e0 nous contacter et nous envoyer votre CV.\" \/>\n<meta property=\"og:url\" content=\"https:\/\/damaco.es\/fr\/work-with-us\/\" \/>\n<meta property=\"og:site_name\" content=\"Damaco Group\" \/>\n<meta property=\"article:modified_time\" content=\"2020-01-22T16:26:26+00:00\" \/>\n<meta name=\"twitter:card\" content=\"summary_large_image\" \/>\n<meta name=\"twitter:label1\" content=\"Tiempo de lectura\" \/>\n\t<meta name=\"twitter:data1\" content=\"1 minuto\" \/>\n<script type=\"application\/ld+json\" class=\"yoast-schema-graph\">{\"@context\":\"https:\/\/schema.org\",\"@graph\":[{\"@type\":\"WebSite\",\"@id\":\"https:\/\/damaco.es\/fr\/#website\",\"url\":\"https:\/\/damaco.es\/fr\/\",\"name\":\"Damaco Group\",\"description\":\"\",\"potentialAction\":[{\"@type\":\"SearchAction\",\"target\":{\"@type\":\"EntryPoint\",\"urlTemplate\":\"https:\/\/damaco.es\/fr\/?s={search_term_string}\"},\"query-input\":\"required name=search_term_string\"}],\"inLanguage\":\"es\"},{\"@type\":\"WebPage\",\"@id\":\"https:\/\/damaco.es\/fr\/work-with-us\/#webpage\",\"url\":\"https:\/\/damaco.es\/fr\/work-with-us\/\",\"name\":\"Rejoignez-nous | Damaco Group\",\"isPartOf\":{\"@id\":\"https:\/\/damaco.es\/fr\/#website\"},\"datePublished\":\"2017-11-27T15:42:04+00:00\",\"dateModified\":\"2020-01-22T16:26:26+00:00\",\"description\":\"Si vous souhaitez rejoindre notre \u00e9quipe, nous serons ravis de recevoir votre CV. N'h\u00e9sitez-pas \u00e0 nous contacter et nous envoyer votre CV.\",\"breadcrumb\":{\"@id\":\"https:\/\/damaco.es\/fr\/work-with-us\/#breadcrumb\"},\"inLanguage\":\"es\",\"potentialAction\":[{\"@type\":\"ReadAction\",\"target\":[\"https:\/\/damaco.es\/fr\/work-with-us\/\"]}]},{\"@type\":\"BreadcrumbList\",\"@id\":\"https:\/\/damaco.es\/fr\/work-with-us\/#breadcrumb\",\"itemListElement\":[{\"@type\":\"ListItem\",\"position\":1,\"name\":\"Portada\",\"item\":\"https:\/\/damaco.es\/fr\/\"},{\"@type\":\"ListItem\",\"position\":2,\"name\":\"Rejoinez-nous\"}]}]}<\/script>\n<!-- \/ Yoast SEO plugin. -->","yoast_head_json":{"title":"Rejoignez-nous | Damaco Group","description":"Si vous souhaitez rejoindre notre \u00e9quipe, nous serons ravis de recevoir votre CV. N'h\u00e9sitez-pas \u00e0 nous contacter et nous envoyer votre CV.","robots":{"index":"index","follow":"follow","max-snippet":"max-snippet:-1","max-image-preview":"max-image-preview:large","max-video-preview":"max-video-preview:-1"},"canonical":"https:\/\/damaco.es\/fr\/work-with-us\/","og_locale":"es_ES","og_type":"article","og_title":"Rejoignez-nous | Damaco Group","og_description":"Si vous souhaitez rejoindre notre \u00e9quipe, nous serons ravis de recevoir votre CV. N'h\u00e9sitez-pas \u00e0 nous contacter et nous envoyer votre CV.","og_url":"https:\/\/damaco.es\/fr\/work-with-us\/","og_site_name":"Damaco Group","article_modified_time":"2020-01-22T16:26:26+00:00","twitter_card":"summary_large_image","twitter_misc":{"Tiempo de lectura":"1 minuto"},"schema":{"@context":"https:\/\/schema.org","@graph":[{"@type":"WebSite","@id":"https:\/\/damaco.es\/fr\/#website","url":"https:\/\/damaco.es\/fr\/","name":"Damaco Group","description":"","potentialAction":[{"@type":"SearchAction","target":{"@type":"EntryPoint","urlTemplate":"https:\/\/damaco.es\/fr\/?s={search_term_string}"},"query-input":"required name=search_term_string"}],"inLanguage":"es"},{"@type":"WebPage","@id":"https:\/\/damaco.es\/fr\/work-with-us\/#webpage","url":"https:\/\/damaco.es\/fr\/work-with-us\/","name":"Rejoignez-nous | Damaco Group","isPartOf":{"@id":"https:\/\/damaco.es\/fr\/#website"},"datePublished":"2017-11-27T15:42:04+00:00","dateModified":"2020-01-22T16:26:26+00:00","description":"Si vous souhaitez rejoindre notre \u00e9quipe, nous serons ravis de recevoir votre CV. N'h\u00e9sitez-pas \u00e0 nous contacter et nous envoyer votre CV.","breadcrumb":{"@id":"https:\/\/damaco.es\/fr\/work-with-us\/#breadcrumb"},"inLanguage":"es","potentialAction":[{"@type":"ReadAction","target":["https:\/\/damaco.es\/fr\/work-with-us\/"]}]},{"@type":"BreadcrumbList","@id":"https:\/\/damaco.es\/fr\/work-with-us\/#breadcrumb","itemListElement":[{"@type":"ListItem","position":1,"name":"Portada","item":"https:\/\/damaco.es\/fr\/"},{"@type":"ListItem","position":2,"name":"Rejoinez-nous"}]}]}},"_links":{"self":[{"href":"https:\/\/damaco.es\/fr\/wp-json\/wp\/v2\/pages\/495"}],"collection":[{"href":"https:\/\/damaco.es\/fr\/wp-json\/wp\/v2\/pages"}],"about":[{"href":"https:\/\/damaco.es\/fr\/wp-json\/wp\/v2\/types\/page"}],"author":[{"embeddable":true,"href":"https:\/\/damaco.es\/fr\/wp-json\/wp\/v2\/users\/3"}],"replies":[{"embeddable":true,"href":"https:\/\/damaco.es\/fr\/wp-json\/wp\/v2\/comments?post=495"}],"version-history":[{"count":5,"href":"https:\/\/damaco.es\/fr\/wp-json\/wp\/v2\/pages\/495\/revisions"}],"predecessor-version":[{"id":1271,"href":"https:\/\/damaco.es\/fr\/wp-json\/wp\/v2\/pages\/495\/revisions\/1271"}],"wp:attachment":[{"href":"https:\/\/damaco.es\/fr\/wp-json\/wp\/v2\/media?parent=495"}],"curies":[{"name":"wp","href":"https:\/\/api.w.org\/{rel}","templated":true}]}}