{"id":507,"date":"2017-11-28T11:51:18","date_gmt":"2017-11-28T11:51:18","guid":{"rendered":"https:\/\/damaco.es\/?page_id=507"},"modified":"2020-02-03T09:46:36","modified_gmt":"2020-02-03T09:46:36","slug":"fonvirtual","status":"publish","type":"page","link":"https:\/\/damaco.es\/fr\/fonvirtual\/","title":{"rendered":"Fonvirtual"},"content":{"rendered":"<p>[et_pb_section fb_built=\u00bb1&#8243; fullwidth=\u00bbon\u00bb _builder_version=\u00bb3.0.89&#8243;][et_pb_fullwidth_header _builder_version=\u00bb3.0.89&#8243; title_line_height=\u00bb1.7em\u00bb content_font_size=\u00bb30&#8243; content_line_height=\u00bb1.7em\u00bb subhead_line_height=\u00bb1.7em\u00bb background_color=\u00bb#00629b\u00bb]<\/p>\n<p style=\"text-align: center;\"><span style=\"color: #ffffff;\">Fonvirtual : services avanc\u00e9s de t\u00e9l\u00e9communications\u00a0<\/span><\/p>\n<p>[\/et_pb_fullwidth_header][\/et_pb_section][et_pb_section fb_built=\u00bb1&#8243; _builder_version=\u00bb3.0.89&#8243; use_background_color_gradient=\u00bbon\u00bb background_color_gradient_start=\u00bb#eff8fb\u00bb background_color_gradient_end=\u00bb#fdfefe\u00bb background_color_gradient_direction=\u00bb183deg\u00bb background_color_gradient_start_position=\u00bb19%\u00bb background_color_gradient_end_position=\u00bb72%\u00bb][et_pb_row _builder_version=\u00bb3.0.47&#8243; background_size=\u00bbinitial\u00bb background_position=\u00bbtop_left\u00bb background_repeat=\u00bbrepeat\u00bb][et_pb_column type=\u00bb4_4&#8243; _builder_version=\u00bb3.0.47&#8243; parallax=\u00bboff\u00bb parallax_method=\u00bbon\u00bb][et_pb_image src=\u00bbhttps:\/\/damaco.es\/fr\/wp-content\/uploads\/2018\/06\/circulo-fonvirtualt.png\u00bb align=\u00bbcenter\u00bb _builder_version=\u00bb3.0.89&#8243;][\/et_pb_image][\/et_pb_column][\/et_pb_row][et_pb_row _builder_version=\u00bb3.0.89&#8243;][et_pb_column type=\u00bb4_4&#8243; _builder_version=\u00bb3.0.47&#8243; parallax=\u00bboff\u00bb parallax_method=\u00bbon\u00bb][et_pb_text _builder_version=\u00bb3.0.89&#8243; text_text_color=\u00bb#052d56&#8243; header_font_size=\u00bb26&#8243; header_text_color=\u00bb#052d56&#8243;]<\/p>\n<h1 style=\"text-align: center;\"><strong><span style=\"color: #052d56;\">Qu&#8217;est-ce que Fonvirtual ?<\/span><\/strong><\/h1>\n<hr>\n<p>[\/et_pb_text][et_pb_text _builder_version=\u00bb3.0.89&#8243; text_font_size=\u00bb20px\u00bb text_text_color=\u00bb#052d56&#8243; text_line_height=\u00bb2.2em\u00bb header_font_size=\u00bb25&#8243; text_orientation=\u00bbjustified\u00bb module_alignment=\u00bbleft\u00bb]<span style=\"font-weight: 400;\">Fonvirtual offre ses services \u00e0 des entreprises qui veulent disposer d\u2019un <strong>standard virtuel professionnel<\/strong>. Les appels des clients sont re\u00e7us sur des lignes fixes et mobiles gratuitement, de mani\u00e8re illimit\u00e9e et sans avoir besoin d\u2019investir dans des machines ou des installations.<\/span><\/p>\n<p><span style=\"font-weight: 400;\">Les standards de Fonvirtual pr\u00e9sentent des fonctionnalit\u00e9s avanc\u00e9es pour la gestion des appels : menu vocal, horaires, bo\u00eete vocale, file d\u2019attente. Les num\u00e9ros virtuels permettent aux clients d\u2019\u00eatre pr\u00e9sents sur les march\u00e9s nouveaux et <strong>innovants<\/strong> de la t\u00e9l\u00e9phonie et en m\u00eame temps, ils sont des outils qui peuvent mesurer le succ\u00e8s des <strong>campagnes marketing<\/strong>. Les services de Fonvirtual s\u2019adressent \u00e0 tous les num\u00e9ros des r\u00e9gions fran\u00e7aises, nouveaux ou port\u00e9s ; mais \u00e9galement aux num\u00e9ros internationaux.<\/span>[\/et_pb_text][\/et_pb_column][\/et_pb_row][\/et_pb_section][et_pb_section fb_built=\u00bb1&#8243; _builder_version=\u00bb3.0.89&#8243; use_background_color_gradient=\u00bbon\u00bb background_color_gradient_start=\u00bb#00629b\u00bb background_color_gradient_end=\u00bb#005b82&#8243;][et_pb_row _builder_version=\u00bb3.0.47&#8243; background_size=\u00bbinitial\u00bb background_position=\u00bbtop_left\u00bb background_repeat=\u00bbrepeat\u00bb][et_pb_column type=\u00bb4_4&#8243; _builder_version=\u00bb3.0.47&#8243; parallax=\u00bboff\u00bb parallax_method=\u00bbon\u00bb][et_pb_text _builder_version=\u00bb3.0.89&#8243; text_line_height=\u00bb1.9em\u00bb header_font_size=\u00bb26px\u00bb header_line_height=\u00bb1.7em\u00bb]<\/p>\n<h1 style=\"text-align: center;\"><strong><span style=\"color: #ffffff;\">Les diff\u00e9rent services offerts par Fonvirtual<\/span><\/strong><\/h1>\n<p>[\/et_pb_text][\/et_pb_column][\/et_pb_row][et_pb_row _builder_version=\u00bb3.0.89&#8243;][et_pb_column type=\u00bb1_3&#8243; _builder_version=\u00bb3.0.47&#8243; parallax=\u00bboff\u00bb parallax_method=\u00bbon\u00bb][et_pb_blurb use_icon=\u00bbon\u00bb font_icon=\u00bb%%264%%\u00bb icon_color=\u00bb#ffffff\u00bb icon_placement=\u00bbleft\u00bb _builder_version=\u00bb3.0.89&#8243; header_font_size=\u00bb23&#8243; body_font_size=\u00bb20&#8243; text_orientation=\u00bbcenter\u00bb animation=\u00bboff\u00bb]<span style=\"color: #ffffff;\">Num\u00e9ro virtuel<\/span>[\/et_pb_blurb][et_pb_divider height=\u00bb60px\u00bb _builder_version=\u00bb3.0.89&#8243;][\/et_pb_divider][et_pb_blurb use_icon=\u00bbon\u00bb font_icon=\u00bb%%164%%\u00bb icon_color=\u00bb#ffffff\u00bb icon_placement=\u00bbleft\u00bb _builder_version=\u00bb3.0.89&#8243; header_font_size=\u00bb23&#8243; body_font_size=\u00bb20&#8243; text_orientation=\u00bbcenter\u00bb animation=\u00bboff\u00bb]<span style=\"color: #ffffff;\">Num\u00e9ro virtuel international<\/span>[\/et_pb_blurb][et_pb_divider height=\u00bb60&#8243; _builder_version=\u00bb3.0.89&#8243;][\/et_pb_divider][et_pb_blurb use_icon=\u00bbon\u00bb font_icon=\u00bb%%159%%\u00bb icon_color=\u00bb#ffffff\u00bb icon_placement=\u00bbleft\u00bb _builder_version=\u00bb3.0.89&#8243; header_font_size=\u00bb23&#8243; body_font_size=\u00bb20&#8243; text_orientation=\u00bbcenter\u00bb animation=\u00bboff\u00bb]<span style=\"color: #ffffff;\">PABX virtuelX<\/span>[\/et_pb_blurb][\/et_pb_column][et_pb_column type=\u00bb1_3&#8243; _builder_version=\u00bb3.0.47&#8243; parallax=\u00bboff\u00bb parallax_method=\u00bbon\u00bb][et_pb_image src=\u00bbhttps:\/\/damaco.es\/fr\/wp-content\/uploads\/2018\/06\/centralita-ip-todas-funcionalidades_optim.png\u00bb disabled_on=\u00bbon|on|\u00bb _builder_version=\u00bb3.0.89&#8243;][\/et_pb_image][\/et_pb_column][et_pb_column type=\u00bb1_3&#8243; _builder_version=\u00bb3.0.47&#8243; parallax=\u00bboff\u00bb parallax_method=\u00bbon\u00bb][et_pb_blurb use_icon=\u00bbon\u00bb font_icon=\u00bb%%119%%\u00bb icon_color=\u00bb#ffffff\u00bb icon_placement=\u00bbleft\u00bb _builder_version=\u00bb3.0.89&#8243; header_font_size=\u00bb23&#8243; body_font_size=\u00bb20&#8243; text_orientation=\u00bbcenter\u00bb animation=\u00bboff\u00bb]<\/p>\n<p style=\"text-align: right;\"><span style=\"color: #ffffff;\">Click to Call<\/span><\/p>\n<p>[\/et_pb_blurb][et_pb_divider height=\u00bb60&#8243; _builder_version=\u00bb3.0.89&#8243;][\/et_pb_divider][et_pb_blurb use_icon=\u00bbon\u00bb font_icon=\u00bb%%222%%\u00bb icon_color=\u00bb#ffffff\u00bb icon_placement=\u00bbleft\u00bb _builder_version=\u00bb3.0.89&#8243; header_font_size=\u00bb23&#8243; body_font_size=\u00bb20&#8243; text_orientation=\u00bbcenter\u00bb animation=\u00bboff\u00bb]<\/p>\n<p style=\"text-align: right;\"><span style=\"color: #ffffff;\">T\u00e9l\u00e9phonie IP<\/span><\/p>\n<p>[\/et_pb_blurb][et_pb_divider height=\u00bb60&#8243; _builder_version=\u00bb3.0.89&#8243;][\/et_pb_divider][et_pb_blurb use_icon=\u00bbon\u00bb font_icon=\u00bb%%96%%\u00bb icon_color=\u00bb#ffffff\u00bb icon_placement=\u00bbleft\u00bb _builder_version=\u00bb3.0.89&#8243; header_font_size=\u00bb23&#8243; body_font_size=\u00bb20&#8243; text_orientation=\u00bbcenter\u00bb animation=\u00bboff\u00bb]<\/p>\n<p style=\"text-align: right;\"><span style=\"color: #ffffff;\">Technologie WebRTC <\/span><\/p>\n<p>[\/et_pb_blurb][\/et_pb_column][\/et_pb_row][\/et_pb_section][et_pb_section fb_built=\u00bb1&#8243; _builder_version=\u00bb3.0.89&#8243; use_background_color_gradient=\u00bbon\u00bb background_color_gradient_start=\u00bb#fdfefe\u00bb background_color_gradient_end=\u00bb#eff8fb\u00bb][et_pb_row use_custom_width=\u00bbon\u00bb custom_width_px=\u00bb1643&#8243; _builder_version=\u00bb3.0.89&#8243;][et_pb_column type=\u00bb1_2&#8243; _builder_version=\u00bb3.0.47&#8243; parallax=\u00bboff\u00bb parallax_method=\u00bbon\u00bb][et_pb_text _builder_version=\u00bb3.0.89&#8243; text_font_size=\u00bb25&#8243; header_font_size=\u00bb26px\u00bb]<\/p>\n<p style=\"text-align: center;\"><span style=\"color: #052d56;\"><strong>Contactez-nous<\/strong><\/span><\/p>\n<p>[\/et_pb_text][et_pb_divider height=\u00bb53px\u00bb _builder_version=\u00bb3.0.89&#8243;][\/et_pb_divider][et_pb_blurb use_icon=\u00bbon\u00bb font_icon=\u00bb%%107%%\u00bb icon_color=\u00bb#00629b\u00bb icon_placement=\u00bbleft\u00bb _builder_version=\u00bb3.0.89&#8243; header_text_align=\u00bbcenter\u00bb header_font_size=\u00bb25&#8243; body_text_align=\u00bbcenter\u00bb body_font_size=\u00bb16&#8243; text_orientation=\u00bbjustified\u00bb animation=\u00bboff\u00bb]<\/p>\n<p style=\"text-align: right;\"><a href=\"https:\/\/www.fonvirtual.com\/fr\/\">https:\/\/www.fonvirtual.com\/fr\/<\/a><\/p>\n<p>[\/et_pb_blurb][et_pb_blurb use_icon=\u00bbon\u00bb font_icon=\u00bb%%153%%\u00bb icon_color=\u00bb#00629b\u00bb icon_placement=\u00bbleft\u00bb _builder_version=\u00bb3.0.89&#8243; header_text_align=\u00bbcenter\u00bb header_font_size=\u00bb25&#8243; body_text_align=\u00bbcenter\u00bb body_font_size=\u00bb16&#8243; text_orientation=\u00bbcenter\u00bb animation=\u00bboff\u00bb]<\/p>\n<p style=\"text-align: center;\"><span style=\"color: #052d56;\">sales@fonvirtual.com<\/span><\/p>\n<p>[\/et_pb_blurb][et_pb_blurb use_icon=\u00bbon\u00bb font_icon=\u00bb%%264%%\u00bb icon_color=\u00bb#00629b\u00bb icon_placement=\u00bbleft\u00bb _builder_version=\u00bb3.0.89&#8243; header_text_align=\u00bbcenter\u00bb body_text_align=\u00bbcenter\u00bb body_font_size=\u00bb16&#8243; text_orientation=\u00bbjustified\u00bb animation=\u00bboff\u00bb]<\/p>\n<div style=\"text-align: center;\"><span>\u00a0<\/span><a href=\"tel:+33 1 76 54 76 50\">+33 1 76 54 76 50<\/a><\/div>\n<div><\/div>\n<p>[\/et_pb_blurb][\/et_pb_column][et_pb_column type=\u00bb1_2&#8243; _builder_version=\u00bb3.0.47&#8243; parallax=\u00bboff\u00bb parallax_method=\u00bbon\u00bb][et_pb_image src=\u00bbhttps:\/\/damaco.es\/fr\/wp-content\/uploads\/2018\/06\/call-tracking-monitoriza-llamadas-head.png\u00bb _builder_version=\u00bb3.0.89&#8243;][\/et_pb_image][\/et_pb_column][\/et_pb_row][\/et_pb_section]<\/p>\n","protected":false},"excerpt":{"rendered":"<p>Fonvirtual : services avanc\u00e9s de t\u00e9l\u00e9communications\u00a0Qu&#8217;est-ce que Fonvirtual ? Fonvirtual offre ses services \u00e0 des entreprises qui veulent disposer d\u2019un standard virtuel professionnel. Les appels des clients sont re\u00e7us sur des lignes fixes et mobiles gratuitement, de mani\u00e8re illimit\u00e9e et sans avoir besoin d\u2019investir dans des machines ou des installations. Les standards de Fonvirtual pr\u00e9sentent [&hellip;]<\/p>\n","protected":false},"author":3,"featured_media":0,"parent":0,"menu_order":0,"comment_status":"closed","ping_status":"closed","template":"","meta":{"_et_pb_use_builder":"on","_et_pb_old_content":"","_et_gb_content_width":""},"yoast_head":"<!-- This site is optimized with the Yoast SEO plugin v18.0 - https:\/\/yoast.com\/wordpress\/plugins\/seo\/ -->\n<title>Fonvirtual | Damaco Group<\/title>\n<meta name=\"description\" content=\"Fonvirtual offre ses services \u00e0 des entreprises qui veulent disposer d\u2019un standard virtuel professionnel sans besoin de mat\u00e9riel ou d&#039;installations.\" \/>\n<meta name=\"robots\" content=\"index, follow, max-snippet:-1, max-image-preview:large, max-video-preview:-1\" \/>\n<link rel=\"canonical\" href=\"https:\/\/damaco.es\/fr\/fonvirtual\/\" \/>\n<meta property=\"og:locale\" content=\"es_ES\" \/>\n<meta property=\"og:type\" content=\"article\" \/>\n<meta property=\"og:title\" content=\"Fonvirtual | Damaco Group\" \/>\n<meta property=\"og:description\" content=\"Fonvirtual offre ses services \u00e0 des entreprises qui veulent disposer d\u2019un standard virtuel professionnel sans besoin de mat\u00e9riel ou d&#039;installations.\" \/>\n<meta property=\"og:url\" content=\"https:\/\/damaco.es\/fr\/fonvirtual\/\" \/>\n<meta property=\"og:site_name\" content=\"Damaco Group\" \/>\n<meta property=\"article:modified_time\" content=\"2020-02-03T09:46:36+00:00\" \/>\n<meta name=\"twitter:card\" content=\"summary_large_image\" \/>\n<meta name=\"twitter:label1\" content=\"Tiempo de lectura\" \/>\n\t<meta name=\"twitter:data1\" content=\"5 minutos\" \/>\n<script type=\"application\/ld+json\" class=\"yoast-schema-graph\">{\"@context\":\"https:\/\/schema.org\",\"@graph\":[{\"@type\":\"WebSite\",\"@id\":\"https:\/\/damaco.es\/fr\/#website\",\"url\":\"https:\/\/damaco.es\/fr\/\",\"name\":\"Damaco Group\",\"description\":\"\",\"potentialAction\":[{\"@type\":\"SearchAction\",\"target\":{\"@type\":\"EntryPoint\",\"urlTemplate\":\"https:\/\/damaco.es\/fr\/?s={search_term_string}\"},\"query-input\":\"required name=search_term_string\"}],\"inLanguage\":\"es\"},{\"@type\":\"WebPage\",\"@id\":\"https:\/\/damaco.es\/fr\/fonvirtual\/#webpage\",\"url\":\"https:\/\/damaco.es\/fr\/fonvirtual\/\",\"name\":\"Fonvirtual | Damaco Group\",\"isPartOf\":{\"@id\":\"https:\/\/damaco.es\/fr\/#website\"},\"datePublished\":\"2017-11-28T11:51:18+00:00\",\"dateModified\":\"2020-02-03T09:46:36+00:00\",\"description\":\"Fonvirtual offre ses services \u00e0 des entreprises qui veulent disposer d\u2019un standard virtuel professionnel sans besoin de mat\u00e9riel ou d'installations.\",\"breadcrumb\":{\"@id\":\"https:\/\/damaco.es\/fr\/fonvirtual\/#breadcrumb\"},\"inLanguage\":\"es\",\"potentialAction\":[{\"@type\":\"ReadAction\",\"target\":[\"https:\/\/damaco.es\/fr\/fonvirtual\/\"]}]},{\"@type\":\"BreadcrumbList\",\"@id\":\"https:\/\/damaco.es\/fr\/fonvirtual\/#breadcrumb\",\"itemListElement\":[{\"@type\":\"ListItem\",\"position\":1,\"name\":\"Portada\",\"item\":\"https:\/\/damaco.es\/fr\/\"},{\"@type\":\"ListItem\",\"position\":2,\"name\":\"Fonvirtual\"}]}]}<\/script>\n<!-- \/ Yoast SEO plugin. -->","yoast_head_json":{"title":"Fonvirtual | Damaco Group","description":"Fonvirtual offre ses services \u00e0 des entreprises qui veulent disposer d\u2019un standard virtuel professionnel sans besoin de mat\u00e9riel ou d'installations.","robots":{"index":"index","follow":"follow","max-snippet":"max-snippet:-1","max-image-preview":"max-image-preview:large","max-video-preview":"max-video-preview:-1"},"canonical":"https:\/\/damaco.es\/fr\/fonvirtual\/","og_locale":"es_ES","og_type":"article","og_title":"Fonvirtual | Damaco Group","og_description":"Fonvirtual offre ses services \u00e0 des entreprises qui veulent disposer d\u2019un standard virtuel professionnel sans besoin de mat\u00e9riel ou d'installations.","og_url":"https:\/\/damaco.es\/fr\/fonvirtual\/","og_site_name":"Damaco Group","article_modified_time":"2020-02-03T09:46:36+00:00","twitter_card":"summary_large_image","twitter_misc":{"Tiempo de lectura":"5 minutos"},"schema":{"@context":"https:\/\/schema.org","@graph":[{"@type":"WebSite","@id":"https:\/\/damaco.es\/fr\/#website","url":"https:\/\/damaco.es\/fr\/","name":"Damaco Group","description":"","potentialAction":[{"@type":"SearchAction","target":{"@type":"EntryPoint","urlTemplate":"https:\/\/damaco.es\/fr\/?s={search_term_string}"},"query-input":"required name=search_term_string"}],"inLanguage":"es"},{"@type":"WebPage","@id":"https:\/\/damaco.es\/fr\/fonvirtual\/#webpage","url":"https:\/\/damaco.es\/fr\/fonvirtual\/","name":"Fonvirtual | Damaco Group","isPartOf":{"@id":"https:\/\/damaco.es\/fr\/#website"},"datePublished":"2017-11-28T11:51:18+00:00","dateModified":"2020-02-03T09:46:36+00:00","description":"Fonvirtual offre ses services \u00e0 des entreprises qui veulent disposer d\u2019un standard virtuel professionnel sans besoin de mat\u00e9riel ou d'installations.","breadcrumb":{"@id":"https:\/\/damaco.es\/fr\/fonvirtual\/#breadcrumb"},"inLanguage":"es","potentialAction":[{"@type":"ReadAction","target":["https:\/\/damaco.es\/fr\/fonvirtual\/"]}]},{"@type":"BreadcrumbList","@id":"https:\/\/damaco.es\/fr\/fonvirtual\/#breadcrumb","itemListElement":[{"@type":"ListItem","position":1,"name":"Portada","item":"https:\/\/damaco.es\/fr\/"},{"@type":"ListItem","position":2,"name":"Fonvirtual"}]}]}},"_links":{"self":[{"href":"https:\/\/damaco.es\/fr\/wp-json\/wp\/v2\/pages\/507"}],"collection":[{"href":"https:\/\/damaco.es\/fr\/wp-json\/wp\/v2\/pages"}],"about":[{"href":"https:\/\/damaco.es\/fr\/wp-json\/wp\/v2\/types\/page"}],"author":[{"embeddable":true,"href":"https:\/\/damaco.es\/fr\/wp-json\/wp\/v2\/users\/3"}],"replies":[{"embeddable":true,"href":"https:\/\/damaco.es\/fr\/wp-json\/wp\/v2\/comments?post=507"}],"version-history":[{"count":5,"href":"https:\/\/damaco.es\/fr\/wp-json\/wp\/v2\/pages\/507\/revisions"}],"predecessor-version":[{"id":1358,"href":"https:\/\/damaco.es\/fr\/wp-json\/wp\/v2\/pages\/507\/revisions\/1358"}],"wp:attachment":[{"href":"https:\/\/damaco.es\/fr\/wp-json\/wp\/v2\/media?parent=507"}],"curies":[{"name":"wp","href":"https:\/\/api.w.org\/{rel}","templated":true}]}}