{"id":716,"date":"2017-11-27T17:06:03","date_gmt":"2017-11-27T17:06:03","guid":{"rendered":"https:\/\/damaco.es\/?page_id=716"},"modified":"2020-02-03T09:34:21","modified_gmt":"2020-02-03T09:34:21","slug":"our-mission","status":"publish","type":"page","link":"https:\/\/damaco.es\/fr\/our-mission\/","title":{"rendered":"Notre Mission"},"content":{"rendered":"<p>[et_pb_section fb_built=\u00bb1&#8243; _builder_version=\u00bb3.0.89&#8243; use_background_color_gradient=\u00bbon\u00bb background_color_gradient_start=\u00bb#00629b\u00bb background_color_gradient_end=\u00bb#005b82&#8243;][et_pb_row use_custom_width=\u00bbon\u00bb custom_width_px=\u00bb1858px\u00bb _builder_version=\u00bb3.0.89&#8243;][et_pb_column type=\u00bb4_4&#8243; _builder_version=\u00bb3.0.47&#8243; parallax=\u00bboff\u00bb parallax_method=\u00bbon\u00bb][et_pb_text _builder_version=\u00bb3.0.89&#8243; text_line_height=\u00bb2.2em\u00bb header_line_height=\u00bb1.2em\u00bb text_orientation=\u00bbjustified\u00bb module_alignment=\u00bbleft\u00bb]\u00a0<\/p>\n<h1 style=\"text-align: center;\"><span style=\"color: #ffffff;\">Qu&#8217;est-ce que Damaco Group ?<\/span><\/h1>\n<p>\u00a0[\/et_pb_text][\/et_pb_column][\/et_pb_row][\/et_pb_section][et_pb_section fb_built=\u00bb1&#8243; _builder_version=\u00bb3.0.47&#8243;][et_pb_row _builder_version=\u00bb3.0.47&#8243; background_size=\u00bbinitial\u00bb background_position=\u00bbtop_left\u00bb background_repeat=\u00bbrepeat\u00bb][et_pb_column type=\u00bb4_4&#8243; _builder_version=\u00bb3.0.47&#8243; parallax=\u00bboff\u00bb parallax_method=\u00bbon\u00bb][et_pb_image src=\u00bbhttps:\/\/damaco.es\/fr\/\/wp-content\/uploads\/2017\/11\/damaco-quienes-somos.png\u00bb align=\u00bbcenter\u00bb force_fullwidth=\u00bbon\u00bb _builder_version=\u00bb3.0.89&#8243;][\/et_pb_image][\/et_pb_column][\/et_pb_row][\/et_pb_section][et_pb_section fb_built=\u00bb1&#8243; background_color=\u00bb#00629b\u00bb _builder_version=\u00bb3.0.89&#8243;][et_pb_row use_custom_width=\u00bbon\u00bb custom_width_px=\u00bb1702px\u00bb _builder_version=\u00bb3.0.89&#8243;][et_pb_column type=\u00bb4_4&#8243; _builder_version=\u00bb3.0.47&#8243; parallax=\u00bboff\u00bb parallax_method=\u00bbon\u00bb][et_pb_text _builder_version=\u00bb3.0.89&#8243; text_font_size=\u00bb22px\u00bb text_line_height=\u00bb2.1em\u00bb text_orientation=\u00bbjustified\u00bb module_alignment=\u00bbleft\u00bb]<\/p>\n<p style=\"text-align: center;\">\n<p style=\"text-align: center;\"><span style=\"color: #ffffff;\">Damaco Group est un groupe d&#8217;entreprises de capital priv\u00e9, qui a d\u00e9marr\u00e9 son activit\u00e9 en 2002 dans la ville de S\u00e9ville, dont la vocation est d&#8217;investir dans des projets d&#8217;entreprises et d&#8217;intervenir dans leur gestion afin d&#8217;assurer un d\u00e9veloppement rentable et de garantir la cr\u00e9ation d&#8217;un maximum de valeur pour l&#8217;entreprise et ses associ\u00e9s.<\/span><\/p>\n<p style=\"text-align: center;\"><span style=\"color: #ffffff;\">Notre participation actionnariale nous encourage \u00e0 travailler pour le succ\u00e8s de l&#8217;entreprise r\u00e9ceptrice de l&#8217;investissement calcul\u00e9 en termes d&#8217;augmentation de valeur de l&#8217;entreprise. Damaco Group apporte donc sa valeur ajout\u00e9e en int\u00e9grant le conseil d&#8217;administration de l&#8217;entreprise r\u00e9ceptrice, en aidant \u00e0 la prise de d\u00e9cisions strat\u00e9giques, en collaborant dans la recherche de personnels cl\u00e9s et en amplifiant les contacts dans les banques d&#8217;investissements ou autres affaires ou services de ce secteur.<\/span><\/p>\n<p>\u00a0[\/et_pb_text][\/et_pb_column][\/et_pb_row][\/et_pb_section][et_pb_section fb_built=\u00bb1&#8243; _builder_version=\u00bb3.0.89&#8243; use_background_color_gradient=\u00bbon\u00bb background_color_gradient_start=\u00bb#fdfefe\u00bb background_color_gradient_end=\u00bb#eff8fb\u00bb background_color_gradient_direction=\u00bb198deg\u00bb background_color_gradient_start_position=\u00bb15%\u00bb][et_pb_row _builder_version=\u00bb3.0.47&#8243; background_size=\u00bbinitial\u00bb background_position=\u00bbtop_left\u00bb background_repeat=\u00bbrepeat\u00bb][et_pb_column type=\u00bb4_4&#8243; _builder_version=\u00bb3.0.47&#8243; parallax=\u00bboff\u00bb parallax_method=\u00bbon\u00bb][et_pb_divider _builder_version=\u00bb3.0.89&#8243;][\/et_pb_divider][\/et_pb_column][\/et_pb_row][et_pb_row _builder_version=\u00bb3.0.47&#8243; background_size=\u00bbinitial\u00bb background_position=\u00bbtop_left\u00bb background_repeat=\u00bbrepeat\u00bb][et_pb_column type=\u00bb1_2&#8243; _builder_version=\u00bb3.0.47&#8243; parallax=\u00bboff\u00bb parallax_method=\u00bbon\u00bb][et_pb_image src=\u00bbhttps:\/\/damaco.es\/fr\/\/wp-content\/uploads\/2017\/11\/Damaco-13.jpg\u00bb always_center_on_mobile=\u00bboff\u00bb _builder_version=\u00bb3.0.89&#8243;][\/et_pb_image][\/et_pb_column][et_pb_column type=\u00bb1_2&#8243; _builder_version=\u00bb3.0.47&#8243; parallax=\u00bboff\u00bb parallax_method=\u00bbon\u00bb][et_pb_text _builder_version=\u00bb3.0.89&#8243; text_font_size=\u00bb22px\u00bb text_line_height=\u00bb2em\u00bb text_orientation=\u00bbjustified\u00bb module_alignment=\u00bbleft\u00bb]<span style=\"font-size: 22px;\">Notre meilleur actif, l\u2019\u00e9quipe de Damaco Group, est compos\u00e9e de professionnels qualifi\u00e9s de profiles et de nationalit\u00e9s vari\u00e9s qui \u00e9tudient, g\u00e8rent et supervisent les diff\u00e9rentes activit\u00e9s du groupe. Avoir recourt aux derni\u00e8res technologies et l\u2019actualisation constante de leurs comp\u00e9tences apportent l\u2019efficacit\u00e9 n\u00e9cessaire garantissant les meilleurs r\u00e9sultats.<\/span><\/p>\n<p>\u00a0[\/et_pb_text][\/et_pb_column][\/et_pb_row][\/et_pb_section]<\/p>\n","protected":false},"excerpt":{"rendered":"<p>\u00a0 Qu&#8217;est-ce que Damaco Group ? \u00a0 Damaco Group est un groupe d&#8217;entreprises de capital priv\u00e9, qui a d\u00e9marr\u00e9 son activit\u00e9 en 2002 dans la ville de S\u00e9ville, dont la vocation est d&#8217;investir dans des projets d&#8217;entreprises et d&#8217;intervenir dans leur gestion afin d&#8217;assurer un d\u00e9veloppement rentable et de garantir la cr\u00e9ation d&#8217;un maximum de [&hellip;]<\/p>\n","protected":false},"author":3,"featured_media":0,"parent":0,"menu_order":0,"comment_status":"closed","ping_status":"closed","template":"","meta":{"_et_pb_use_builder":"on","_et_pb_old_content":"","_et_gb_content_width":""},"yoast_head":"<!-- This site is optimized with the Yoast SEO plugin v18.0 - https:\/\/yoast.com\/wordpress\/plugins\/seo\/ -->\n<title>Notre mission | Damaco Group<\/title>\n<meta name=\"description\" content=\"Qu&#039;est-ce que le groupe Damaco ? D\u00e9couvrez l&#039;histoire de ce groupe de capital priv\u00e9 et les diff\u00e9rentes entreprises avec lesquels il travail.\" \/>\n<meta name=\"robots\" content=\"index, follow, max-snippet:-1, max-image-preview:large, max-video-preview:-1\" \/>\n<link rel=\"canonical\" href=\"https:\/\/damaco.es\/fr\/our-mission\/\" \/>\n<meta property=\"og:locale\" content=\"es_ES\" \/>\n<meta property=\"og:type\" content=\"article\" \/>\n<meta property=\"og:title\" content=\"Notre mission | Damaco Group\" \/>\n<meta property=\"og:description\" content=\"Qu&#039;est-ce que le groupe Damaco ? D\u00e9couvrez l&#039;histoire de ce groupe de capital priv\u00e9 et les diff\u00e9rentes entreprises avec lesquels il travail.\" \/>\n<meta property=\"og:url\" content=\"https:\/\/damaco.es\/fr\/our-mission\/\" \/>\n<meta property=\"og:site_name\" content=\"Damaco Group\" \/>\n<meta property=\"article:modified_time\" content=\"2020-02-03T09:34:21+00:00\" \/>\n<meta name=\"twitter:card\" content=\"summary_large_image\" \/>\n<meta name=\"twitter:label1\" content=\"Tiempo de lectura\" \/>\n\t<meta name=\"twitter:data1\" content=\"3 minutos\" \/>\n<script type=\"application\/ld+json\" class=\"yoast-schema-graph\">{\"@context\":\"https:\/\/schema.org\",\"@graph\":[{\"@type\":\"WebSite\",\"@id\":\"https:\/\/damaco.es\/fr\/#website\",\"url\":\"https:\/\/damaco.es\/fr\/\",\"name\":\"Damaco Group\",\"description\":\"\",\"potentialAction\":[{\"@type\":\"SearchAction\",\"target\":{\"@type\":\"EntryPoint\",\"urlTemplate\":\"https:\/\/damaco.es\/fr\/?s={search_term_string}\"},\"query-input\":\"required name=search_term_string\"}],\"inLanguage\":\"es\"},{\"@type\":\"WebPage\",\"@id\":\"https:\/\/damaco.es\/fr\/our-mission\/#webpage\",\"url\":\"https:\/\/damaco.es\/fr\/our-mission\/\",\"name\":\"Notre mission | Damaco Group\",\"isPartOf\":{\"@id\":\"https:\/\/damaco.es\/fr\/#website\"},\"datePublished\":\"2017-11-27T17:06:03+00:00\",\"dateModified\":\"2020-02-03T09:34:21+00:00\",\"description\":\"Qu'est-ce que le groupe Damaco ? D\u00e9couvrez l'histoire de ce groupe de capital priv\u00e9 et les diff\u00e9rentes entreprises avec lesquels il travail.\",\"breadcrumb\":{\"@id\":\"https:\/\/damaco.es\/fr\/our-mission\/#breadcrumb\"},\"inLanguage\":\"es\",\"potentialAction\":[{\"@type\":\"ReadAction\",\"target\":[\"https:\/\/damaco.es\/fr\/our-mission\/\"]}]},{\"@type\":\"BreadcrumbList\",\"@id\":\"https:\/\/damaco.es\/fr\/our-mission\/#breadcrumb\",\"itemListElement\":[{\"@type\":\"ListItem\",\"position\":1,\"name\":\"Portada\",\"item\":\"https:\/\/damaco.es\/fr\/\"},{\"@type\":\"ListItem\",\"position\":2,\"name\":\"Notre Mission\"}]}]}<\/script>\n<!-- \/ Yoast SEO plugin. -->","yoast_head_json":{"title":"Notre mission | Damaco Group","description":"Qu'est-ce que le groupe Damaco ? D\u00e9couvrez l'histoire de ce groupe de capital priv\u00e9 et les diff\u00e9rentes entreprises avec lesquels il travail.","robots":{"index":"index","follow":"follow","max-snippet":"max-snippet:-1","max-image-preview":"max-image-preview:large","max-video-preview":"max-video-preview:-1"},"canonical":"https:\/\/damaco.es\/fr\/our-mission\/","og_locale":"es_ES","og_type":"article","og_title":"Notre mission | Damaco Group","og_description":"Qu'est-ce que le groupe Damaco ? D\u00e9couvrez l'histoire de ce groupe de capital priv\u00e9 et les diff\u00e9rentes entreprises avec lesquels il travail.","og_url":"https:\/\/damaco.es\/fr\/our-mission\/","og_site_name":"Damaco Group","article_modified_time":"2020-02-03T09:34:21+00:00","twitter_card":"summary_large_image","twitter_misc":{"Tiempo de lectura":"3 minutos"},"schema":{"@context":"https:\/\/schema.org","@graph":[{"@type":"WebSite","@id":"https:\/\/damaco.es\/fr\/#website","url":"https:\/\/damaco.es\/fr\/","name":"Damaco Group","description":"","potentialAction":[{"@type":"SearchAction","target":{"@type":"EntryPoint","urlTemplate":"https:\/\/damaco.es\/fr\/?s={search_term_string}"},"query-input":"required name=search_term_string"}],"inLanguage":"es"},{"@type":"WebPage","@id":"https:\/\/damaco.es\/fr\/our-mission\/#webpage","url":"https:\/\/damaco.es\/fr\/our-mission\/","name":"Notre mission | Damaco Group","isPartOf":{"@id":"https:\/\/damaco.es\/fr\/#website"},"datePublished":"2017-11-27T17:06:03+00:00","dateModified":"2020-02-03T09:34:21+00:00","description":"Qu'est-ce que le groupe Damaco ? D\u00e9couvrez l'histoire de ce groupe de capital priv\u00e9 et les diff\u00e9rentes entreprises avec lesquels il travail.","breadcrumb":{"@id":"https:\/\/damaco.es\/fr\/our-mission\/#breadcrumb"},"inLanguage":"es","potentialAction":[{"@type":"ReadAction","target":["https:\/\/damaco.es\/fr\/our-mission\/"]}]},{"@type":"BreadcrumbList","@id":"https:\/\/damaco.es\/fr\/our-mission\/#breadcrumb","itemListElement":[{"@type":"ListItem","position":1,"name":"Portada","item":"https:\/\/damaco.es\/fr\/"},{"@type":"ListItem","position":2,"name":"Notre Mission"}]}]}},"_links":{"self":[{"href":"https:\/\/damaco.es\/fr\/wp-json\/wp\/v2\/pages\/716"}],"collection":[{"href":"https:\/\/damaco.es\/fr\/wp-json\/wp\/v2\/pages"}],"about":[{"href":"https:\/\/damaco.es\/fr\/wp-json\/wp\/v2\/types\/page"}],"author":[{"embeddable":true,"href":"https:\/\/damaco.es\/fr\/wp-json\/wp\/v2\/users\/3"}],"replies":[{"embeddable":true,"href":"https:\/\/damaco.es\/fr\/wp-json\/wp\/v2\/comments?post=716"}],"version-history":[{"count":5,"href":"https:\/\/damaco.es\/fr\/wp-json\/wp\/v2\/pages\/716\/revisions"}],"predecessor-version":[{"id":1353,"href":"https:\/\/damaco.es\/fr\/wp-json\/wp\/v2\/pages\/716\/revisions\/1353"}],"wp:attachment":[{"href":"https:\/\/damaco.es\/fr\/wp-json\/wp\/v2\/media?parent=716"}],"curies":[{"name":"wp","href":"https:\/\/api.w.org\/{rel}","templated":true}]}}