{"id":742,"date":"2017-11-28T11:50:46","date_gmt":"2017-11-28T11:50:46","guid":{"rendered":"https:\/\/damaco.es\/?page_id=742"},"modified":"2020-02-03T09:47:16","modified_gmt":"2020-02-03T09:47:16","slug":"faxvirtual","status":"publish","type":"page","link":"https:\/\/damaco.es\/fr\/faxvirtual\/","title":{"rendered":"Faxvirtual"},"content":{"rendered":"<p>[et_pb_section fb_built=\u00bb1&#8243; fullwidth=\u00bbon\u00bb _builder_version=\u00bb3.0.89&#8243;][et_pb_fullwidth_header _builder_version=\u00bb3.0.89&#8243; title_line_height=\u00bb1.8em\u00bb content_font_size=\u00bb30&#8243; content_line_height=\u00bb1.8em\u00bb background_color=\u00bb#00629b\u00bb]\u00a0<\/p>\n<p style=\"text-align: center;\"><span style=\"color: #ffffff;\">Faxvirtual : services de Fax par email <\/span><\/p>\n<p>\u00a0[\/et_pb_fullwidth_header][\/et_pb_section][et_pb_section fb_built=\u00bb1&#8243; _builder_version=\u00bb3.0.89&#8243; use_background_color_gradient=\u00bbon\u00bb background_color_gradient_start=\u00bb#eff8fb\u00bb background_color_gradient_end=\u00bb#fdfefe\u00bb background_color_gradient_direction=\u00bb183deg\u00bb background_color_gradient_start_position=\u00bb19%\u00bb background_color_gradient_end_position=\u00bb72%\u00bb][et_pb_row _builder_version=\u00bb3.0.89&#8243;][et_pb_column type=\u00bb4_4&#8243; _builder_version=\u00bb3.0.47&#8243; parallax=\u00bboff\u00bb parallax_method=\u00bbon\u00bb][et_pb_image src=\u00bbhttps:\/\/damaco.es\/fr\/\/wp-content\/uploads\/2017\/11\/circulo-faxvirtual-3.png\u00bb align=\u00bbcenter\u00bb _builder_version=\u00bb3.0.89&#8243;][\/et_pb_image][et_pb_text _builder_version=\u00bb3.0.89&#8243; text_text_color=\u00bb#052d56&#8243; header_font_size=\u00bb26&#8243; header_text_color=\u00bb#052d56&#8243;]<\/p>\n<h1 style=\"text-align: center;\"><strong><span style=\"color: #052d56;\">Qu&#8217;est-ce que Faxvirtual ?<\/span><\/strong><\/h1>\n<hr>\n<p>[\/et_pb_text][et_pb_text _builder_version=\u00bb3.0.89&#8243; text_font_size=\u00bb20px\u00bb text_text_color=\u00bb#052d56&#8243; text_line_height=\u00bb2.2em\u00bb header_font_size=\u00bb25&#8243; text_orientation=\u00bbjustified\u00bb module_alignment=\u00bbleft\u00bb]<span style=\"font-weight: 400;\">Faxvirtual offre ses services \u00e0 des entreprises qui veulent disposer d\u2019un <strong>service de fax<\/strong> tout en b\u00e9n\u00e9ficiant des avantages d\u2019un <strong>email<\/strong>. Ce syst\u00e8me permet de recevoir et d\u2019envoyer des fax sans avoir \u00e0 investir dans des \u00e9quipements sp\u00e9ciaux, ni dans des lignes t\u00e9l\u00e9phoniques et ils ne sont pas consommables.<\/span><\/p>\n<p><span style=\"font-weight: 400;\">Ses principaux <strong>avantages<\/strong> r\u00e9sident dans un syst\u00e8me \u00e9conomique, la mobilit\u00e9, la disponibilit\u00e9, la confidentialit\u00e9 et le respect de l\u2019environnement.<\/span>[\/et_pb_text][\/et_pb_column][\/et_pb_row][\/et_pb_section][et_pb_section fb_built=\u00bb1&#8243; _builder_version=\u00bb3.0.89&#8243; use_background_color_gradient=\u00bbon\u00bb background_color_gradient_start=\u00bb#00629b\u00bb background_color_gradient_end=\u00bb#005b82&#8243;][et_pb_row _builder_version=\u00bb3.0.47&#8243; background_size=\u00bbinitial\u00bb background_position=\u00bbtop_left\u00bb background_repeat=\u00bbrepeat\u00bb][et_pb_column type=\u00bb4_4&#8243; _builder_version=\u00bb3.0.47&#8243; parallax=\u00bboff\u00bb parallax_method=\u00bbon\u00bb][et_pb_text _builder_version=\u00bb3.0.89&#8243; header_font_size=\u00bb26px\u00bb]<\/p>\n<h1 style=\"text-align: center;\"><strong><span style=\"color: #ffffff;\">Les avantages de Faxvirtual\u00a0<\/span><\/strong><\/h1>\n<p>[\/et_pb_text][et_pb_image src=\u00bbhttps:\/\/damaco.es\/fr\/\/wp-content\/uploads\/2017\/11\/fax-por-internet1.png\u00bb disabled_on=\u00bboff|off|on\u00bb _builder_version=\u00bb3.0.89&#8243;][\/et_pb_image][\/et_pb_column][\/et_pb_row][et_pb_row use_custom_width=\u00bbon\u00bb custom_width_px=\u00bb1749px\u00bb _builder_version=\u00bb3.0.89&#8243;][et_pb_column type=\u00bb1_3&#8243; _builder_version=\u00bb3.0.47&#8243; parallax=\u00bboff\u00bb parallax_method=\u00bbon\u00bb][et_pb_blurb use_icon=\u00bbon\u00bb font_icon=\u00bb%%104%%\u00bb icon_color=\u00bb#ffffff\u00bb icon_placement=\u00bbleft\u00bb _builder_version=\u00bb3.0.89&#8243; header_text_align=\u00bbleft\u00bb header_font_size=\u00bb20&#8243; body_text_align=\u00bbleft\u00bb body_font_size=\u00bb16&#8243; body_line_height=\u00bb2.1em\u00bb]<\/p>\n<h4><span style=\"color: #ffffff;\">Un maximum de flexibilit\u00e9<\/span><\/h4>\n<p><span style=\"color: #ffffff;\">Votre fax sera enti\u00e8rement int\u00e9gr\u00e9 \u00e0 votre bo\u00eete mail. Votre machine de fax sera d\u00e9sormais votre ordinateur, ou m\u00eame votre smartphone !\u00a0<\/span>[\/et_pb_blurb][et_pb_divider height=\u00bb60px\u00bb _builder_version=\u00bb3.0.89&#8243;][\/et_pb_divider][et_pb_blurb use_icon=\u00bbon\u00bb font_icon=\u00bb%%114%%\u00bb icon_color=\u00bb#ffffff\u00bb icon_placement=\u00bbleft\u00bb _builder_version=\u00bb3.0.89&#8243; header_font_size=\u00bb20&#8243; body_font_size=\u00bb16&#8243; body_line_height=\u00bb2.1em\u00bb text_orientation=\u00bbcenter\u00bb animation=\u00bboff\u00bb]<\/p>\n<h4><span style=\"color: #ffffff;\">Sans besoin d&#8217;investissement<\/span><\/h4>\n<p><span style=\"color: #ffffff;\">Le fax via gmail ne n\u00e9cessite pas l&#8217;achat ou l&#8217;installation de machines de fax. Vous n&#8217;aurez pas non plus besoin d&#8217;une ligne t\u00e9l\u00e9phonique ou d&#8217;un logiciel. De m\u00eame, vous n&#8217;aurez pas besoin d&#8217;utiliser du papier ou de l&#8217;encre, gr\u00e2ce \u00e0 tous les avantages d&#8217;Internet.\u00a0<\/span>[\/et_pb_blurb][et_pb_divider height=\u00bb60&#8243; _builder_version=\u00bb3.0.89&#8243;][\/et_pb_divider][\/et_pb_column][et_pb_column type=\u00bb1_3&#8243; _builder_version=\u00bb3.0.47&#8243; parallax=\u00bboff\u00bb parallax_method=\u00bbon\u00bb][et_pb_image src=\u00bbhttps:\/\/damaco.es\/fr\/wp-content\/uploads\/2020\/01\/fax-par-mail.png\u00bb alt=\u00bbfax-par-mail\u00bb title_text=\u00bbfax-par-mail\u00bb disabled_on=\u00bbon|on|off\u00bb _builder_version=\u00bb3.0.89&#8243;][\/et_pb_image][\/et_pb_column][et_pb_column type=\u00bb1_3&#8243; _builder_version=\u00bb3.0.47&#8243; parallax=\u00bboff\u00bb parallax_method=\u00bbon\u00bb][et_pb_blurb use_icon=\u00bbon\u00bb font_icon=\u00bb%%164%%\u00bb icon_color=\u00bb#ffffff\u00bb icon_placement=\u00bbleft\u00bb _builder_version=\u00bb3.0.89&#8243; header_font_size=\u00bb20&#8243; body_font_size=\u00bb16&#8243; body_line_height=\u00bb2.1em\u00bb text_orientation=\u00bbcenter\u00bb animation=\u00bboff\u00bb]<\/p>\n<h4 style=\"text-align: left;\"><span style=\"color: #ffffff;\">100 % \u00e9cologique<\/span><\/h4>\n<p style=\"text-align: left;\"><span style=\"color: #ffffff;\">Avec le fax par Internet, vous n&#8217;aurez qu&#8217;\u00e0 imprimer les fax que vous avez besoin d&#8217;imprimer et vous ne consommerez pas d&#8217;\u00e9l\u00e9ctricit\u00e9.<\/span><\/p>\n<p>[\/et_pb_blurb][et_pb_divider height=\u00bb60&#8243; _builder_version=\u00bb3.0.89&#8243;][\/et_pb_divider][et_pb_blurb use_icon=\u00bbon\u00bb font_icon=\u00bb%%151%%\u00bb icon_color=\u00bb#ffffff\u00bb icon_placement=\u00bbleft\u00bb _builder_version=\u00bb3.0.89&#8243; header_font_size=\u00bb20&#8243; body_font_size=\u00bb16&#8243; body_line_height=\u00bb2.1&#8243; text_orientation=\u00bbcenter\u00bb animation=\u00bboff\u00bb]<\/p>\n<h4><span style=\"color: #ffffff;\">Fiabilit\u00e9<\/span><\/h4>\n<p><span style=\"color: #ffffff;\">Le fax par Internet est un moyen de communication aussi fiable et s\u00fbr que le fax traditionnel. Apr\u00e8s avoir envoy\u00e9 votre fax, vous recevrez confirmation de l&#8217;envoi.\u00a0<\/span>[\/et_pb_blurb][et_pb_divider height=\u00bb60&#8243; _builder_version=\u00bb3.0.89&#8243;][\/et_pb_divider][\/et_pb_column][\/et_pb_row][\/et_pb_section][et_pb_section fb_built=\u00bb1&#8243; _builder_version=\u00bb3.0.89&#8243; use_background_color_gradient=\u00bbon\u00bb background_color_gradient_start=\u00bb#fdfefe\u00bb background_color_gradient_end=\u00bb#eff8fb\u00bb][et_pb_row use_custom_width=\u00bbon\u00bb custom_width_px=\u00bb1643&#8243; _builder_version=\u00bb3.0.89&#8243;][et_pb_column type=\u00bb1_2&#8243; _builder_version=\u00bb3.0.47&#8243; parallax=\u00bboff\u00bb parallax_method=\u00bbon\u00bb][et_pb_text _builder_version=\u00bb3.0.89&#8243; text_font_size=\u00bb25&#8243; header_font_size=\u00bb26px\u00bb]<\/p>\n<p style=\"text-align: left; padding-left: 90px;\"><span style=\"color: #052d56;\"><strong>Contactez-nous<\/strong><\/span><\/p>\n<p>[\/et_pb_text][et_pb_divider height=\u00bb53px\u00bb _builder_version=\u00bb3.0.89&#8243;][\/et_pb_divider][et_pb_blurb use_icon=\u00bbon\u00bb font_icon=\u00bb%%107%%\u00bb icon_color=\u00bb#00629b\u00bb icon_placement=\u00bbleft\u00bb _builder_version=\u00bb3.0.89&#8243; header_text_align=\u00bbcenter\u00bb header_font_size=\u00bb25&#8243; body_text_align=\u00bbcenter\u00bb body_font_size=\u00bb16&#8243; text_orientation=\u00bbjustified\u00bb animation=\u00bboff\u00bb]<\/p>\n<p style=\"text-align: right;\"><a href=\"https:\/\/www.faxvirtual.com\/fr\/\">https:\/\/www.faxvirtual.com\/fr\/<\/a><\/p>\n<p>[\/et_pb_blurb][et_pb_blurb use_icon=\u00bbon\u00bb font_icon=\u00bb%%264%%\u00bb icon_color=\u00bb#00629b\u00bb icon_placement=\u00bbleft\u00bb _builder_version=\u00bb3.0.89&#8243; header_text_align=\u00bbcenter\u00bb body_text_align=\u00bbcenter\u00bb body_font_size=\u00bb16&#8243; text_orientation=\u00bbjustified\u00bb animation=\u00bboff\u00bb]<\/p>\n<div style=\"text-align: center;\">+33 1 76 54 76 50<\/div>\n<div><\/div>\n<p>[\/et_pb_blurb][et_pb_blurb use_icon=\u00bbon\u00bb font_icon=\u00bb%%153%%\u00bb icon_color=\u00bb#00629b\u00bb icon_placement=\u00bbleft\u00bb _builder_version=\u00bb3.0.89&#8243; header_text_align=\u00bbcenter\u00bb header_font_size=\u00bb25&#8243; body_text_align=\u00bbcenter\u00bb body_font_size=\u00bb16&#8243; text_orientation=\u00bbjustified\u00bb animation=\u00bboff\u00bb]<\/p>\n<p style=\"text-align: center;\"><span style=\"color: #052d56;\">info@faxvirtual.com<\/span><\/p>\n<p>[\/et_pb_blurb][\/et_pb_column][et_pb_column type=\u00bb1_2&#8243; _builder_version=\u00bb3.0.47&#8243; parallax=\u00bboff\u00bb parallax_method=\u00bbon\u00bb][et_pb_image src=\u00bbhttps:\/\/damaco.es\/fr\/\/wp-content\/uploads\/2017\/11\/oferta-fax-virtual.png\u00bb _builder_version=\u00bb3.0.89&#8243;][\/et_pb_image][\/et_pb_column][\/et_pb_row][\/et_pb_section]<\/p>\n","protected":false},"excerpt":{"rendered":"<p>\u00a0 Faxvirtual : services de Fax par email \u00a0Qu&#8217;est-ce que Faxvirtual ? Faxvirtual offre ses services \u00e0 des entreprises qui veulent disposer d\u2019un service de fax tout en b\u00e9n\u00e9ficiant des avantages d\u2019un email. Ce syst\u00e8me permet de recevoir et d\u2019envoyer des fax sans avoir \u00e0 investir dans des \u00e9quipements sp\u00e9ciaux, ni dans des lignes t\u00e9l\u00e9phoniques [&hellip;]<\/p>\n","protected":false},"author":3,"featured_media":0,"parent":0,"menu_order":0,"comment_status":"closed","ping_status":"closed","template":"","meta":{"_et_pb_use_builder":"on","_et_pb_old_content":"","_et_gb_content_width":""},"yoast_head":"<!-- This site is optimized with the Yoast SEO plugin v18.0 - https:\/\/yoast.com\/wordpress\/plugins\/seo\/ -->\n<title>Faxvirtual | Damaco Group<\/title>\n<meta name=\"description\" content=\"Faxvirtual offre ses services \u00e0 des entreprises qui veulent disposer d\u2019un service de fax tout en b\u00e9n\u00e9ficiant des avantages d\u2019un email.\" \/>\n<meta name=\"robots\" content=\"index, follow, max-snippet:-1, max-image-preview:large, max-video-preview:-1\" \/>\n<link rel=\"canonical\" href=\"https:\/\/damaco.es\/fr\/faxvirtual\/\" \/>\n<meta property=\"og:locale\" content=\"es_ES\" \/>\n<meta property=\"og:type\" content=\"article\" \/>\n<meta property=\"og:title\" content=\"Faxvirtual | Damaco Group\" \/>\n<meta property=\"og:description\" content=\"Faxvirtual offre ses services \u00e0 des entreprises qui veulent disposer d\u2019un service de fax tout en b\u00e9n\u00e9ficiant des avantages d\u2019un email.\" \/>\n<meta property=\"og:url\" content=\"https:\/\/damaco.es\/fr\/faxvirtual\/\" \/>\n<meta property=\"og:site_name\" content=\"Damaco Group\" \/>\n<meta property=\"article:modified_time\" content=\"2020-02-03T09:47:16+00:00\" \/>\n<meta name=\"twitter:card\" content=\"summary_large_image\" \/>\n<meta name=\"twitter:label1\" content=\"Tiempo de lectura\" \/>\n\t<meta name=\"twitter:data1\" content=\"5 minutos\" \/>\n<script type=\"application\/ld+json\" class=\"yoast-schema-graph\">{\"@context\":\"https:\/\/schema.org\",\"@graph\":[{\"@type\":\"WebSite\",\"@id\":\"https:\/\/damaco.es\/fr\/#website\",\"url\":\"https:\/\/damaco.es\/fr\/\",\"name\":\"Damaco Group\",\"description\":\"\",\"potentialAction\":[{\"@type\":\"SearchAction\",\"target\":{\"@type\":\"EntryPoint\",\"urlTemplate\":\"https:\/\/damaco.es\/fr\/?s={search_term_string}\"},\"query-input\":\"required name=search_term_string\"}],\"inLanguage\":\"es\"},{\"@type\":\"WebPage\",\"@id\":\"https:\/\/damaco.es\/fr\/faxvirtual\/#webpage\",\"url\":\"https:\/\/damaco.es\/fr\/faxvirtual\/\",\"name\":\"Faxvirtual | Damaco Group\",\"isPartOf\":{\"@id\":\"https:\/\/damaco.es\/fr\/#website\"},\"datePublished\":\"2017-11-28T11:50:46+00:00\",\"dateModified\":\"2020-02-03T09:47:16+00:00\",\"description\":\"Faxvirtual offre ses services \u00e0 des entreprises qui veulent disposer d\u2019un service de fax tout en b\u00e9n\u00e9ficiant des avantages d\u2019un email.\",\"breadcrumb\":{\"@id\":\"https:\/\/damaco.es\/fr\/faxvirtual\/#breadcrumb\"},\"inLanguage\":\"es\",\"potentialAction\":[{\"@type\":\"ReadAction\",\"target\":[\"https:\/\/damaco.es\/fr\/faxvirtual\/\"]}]},{\"@type\":\"BreadcrumbList\",\"@id\":\"https:\/\/damaco.es\/fr\/faxvirtual\/#breadcrumb\",\"itemListElement\":[{\"@type\":\"ListItem\",\"position\":1,\"name\":\"Portada\",\"item\":\"https:\/\/damaco.es\/fr\/\"},{\"@type\":\"ListItem\",\"position\":2,\"name\":\"Faxvirtual\"}]}]}<\/script>\n<!-- \/ Yoast SEO plugin. -->","yoast_head_json":{"title":"Faxvirtual | Damaco Group","description":"Faxvirtual offre ses services \u00e0 des entreprises qui veulent disposer d\u2019un service de fax tout en b\u00e9n\u00e9ficiant des avantages d\u2019un email.","robots":{"index":"index","follow":"follow","max-snippet":"max-snippet:-1","max-image-preview":"max-image-preview:large","max-video-preview":"max-video-preview:-1"},"canonical":"https:\/\/damaco.es\/fr\/faxvirtual\/","og_locale":"es_ES","og_type":"article","og_title":"Faxvirtual | Damaco Group","og_description":"Faxvirtual offre ses services \u00e0 des entreprises qui veulent disposer d\u2019un service de fax tout en b\u00e9n\u00e9ficiant des avantages d\u2019un email.","og_url":"https:\/\/damaco.es\/fr\/faxvirtual\/","og_site_name":"Damaco Group","article_modified_time":"2020-02-03T09:47:16+00:00","twitter_card":"summary_large_image","twitter_misc":{"Tiempo de lectura":"5 minutos"},"schema":{"@context":"https:\/\/schema.org","@graph":[{"@type":"WebSite","@id":"https:\/\/damaco.es\/fr\/#website","url":"https:\/\/damaco.es\/fr\/","name":"Damaco Group","description":"","potentialAction":[{"@type":"SearchAction","target":{"@type":"EntryPoint","urlTemplate":"https:\/\/damaco.es\/fr\/?s={search_term_string}"},"query-input":"required name=search_term_string"}],"inLanguage":"es"},{"@type":"WebPage","@id":"https:\/\/damaco.es\/fr\/faxvirtual\/#webpage","url":"https:\/\/damaco.es\/fr\/faxvirtual\/","name":"Faxvirtual | Damaco Group","isPartOf":{"@id":"https:\/\/damaco.es\/fr\/#website"},"datePublished":"2017-11-28T11:50:46+00:00","dateModified":"2020-02-03T09:47:16+00:00","description":"Faxvirtual offre ses services \u00e0 des entreprises qui veulent disposer d\u2019un service de fax tout en b\u00e9n\u00e9ficiant des avantages d\u2019un email.","breadcrumb":{"@id":"https:\/\/damaco.es\/fr\/faxvirtual\/#breadcrumb"},"inLanguage":"es","potentialAction":[{"@type":"ReadAction","target":["https:\/\/damaco.es\/fr\/faxvirtual\/"]}]},{"@type":"BreadcrumbList","@id":"https:\/\/damaco.es\/fr\/faxvirtual\/#breadcrumb","itemListElement":[{"@type":"ListItem","position":1,"name":"Portada","item":"https:\/\/damaco.es\/fr\/"},{"@type":"ListItem","position":2,"name":"Faxvirtual"}]}]}},"_links":{"self":[{"href":"https:\/\/damaco.es\/fr\/wp-json\/wp\/v2\/pages\/742"}],"collection":[{"href":"https:\/\/damaco.es\/fr\/wp-json\/wp\/v2\/pages"}],"about":[{"href":"https:\/\/damaco.es\/fr\/wp-json\/wp\/v2\/types\/page"}],"author":[{"embeddable":true,"href":"https:\/\/damaco.es\/fr\/wp-json\/wp\/v2\/users\/3"}],"replies":[{"embeddable":true,"href":"https:\/\/damaco.es\/fr\/wp-json\/wp\/v2\/comments?post=742"}],"version-history":[{"count":5,"href":"https:\/\/damaco.es\/fr\/wp-json\/wp\/v2\/pages\/742\/revisions"}],"predecessor-version":[{"id":1359,"href":"https:\/\/damaco.es\/fr\/wp-json\/wp\/v2\/pages\/742\/revisions\/1359"}],"wp:attachment":[{"href":"https:\/\/damaco.es\/fr\/wp-json\/wp\/v2\/media?parent=742"}],"curies":[{"name":"wp","href":"https:\/\/api.w.org\/{rel}","templated":true}]}}