{"id":807,"date":"2017-11-28T11:52:19","date_gmt":"2017-11-28T11:52:19","guid":{"rendered":"https:\/\/damaco.es\/?page_id=807"},"modified":"2020-02-03T09:36:31","modified_gmt":"2020-02-03T09:36:31","slug":"damaco-habitat","status":"publish","type":"page","link":"https:\/\/damaco.es\/fr\/damaco-habitat\/","title":{"rendered":"Damaco Habitat"},"content":{"rendered":"<p>[et_pb_section fb_built=\u00bb1&#8243; fullwidth=\u00bbon\u00bb _builder_version=\u00bb3.0.89&#8243;][et_pb_fullwidth_header _builder_version=\u00bb3.0.89&#8243; title_font=\u00bb||||||||\u00bb title_font_size=\u00bb20px\u00bb title_line_height=\u00bb2em\u00bb content_font_size=\u00bb30&#8243; content_line_height=\u00bb2em\u00bb background_color=\u00bb#00629b\u00bb]<\/p>\n<p style=\"text-align: center;\"><span style=\"color: #ffffff;\">Damaco Habitat :<br \/>\nDes projets de tourisme et de loisir durables\u00a0<\/span><\/p>\n<p>[\/et_pb_fullwidth_header][\/et_pb_section][et_pb_section fb_built=\u00bb1&#8243; _builder_version=\u00bb3.0.89&#8243; use_background_color_gradient=\u00bbon\u00bb background_color_gradient_start=\u00bb#eff8fb\u00bb background_color_gradient_end=\u00bb#fdfefe\u00bb background_color_gradient_direction=\u00bb183deg\u00bb background_color_gradient_start_position=\u00bb19%\u00bb background_color_gradient_end_position=\u00bb72%\u00bb][et_pb_row _builder_version=\u00bb3.0.89&#8243;][et_pb_column type=\u00bb4_4&#8243; _builder_version=\u00bb3.0.47&#8243; parallax=\u00bboff\u00bb parallax_method=\u00bbon\u00bb][et_pb_image src=\u00bbhttps:\/\/damaco.es\/fr\/\/wp-content\/uploads\/2017\/11\/circulo-damaco.png\u00bb align=\u00bbcenter\u00bb _builder_version=\u00bb3.0.89&#8243;][\/et_pb_image][et_pb_text _builder_version=\u00bb3.0.89&#8243; text_text_color=\u00bb#052d56&#8243; text_line_height=\u00bb2em\u00bb header_font_size=\u00bb26&#8243; header_text_color=\u00bb#052d56&#8243; header_line_height=\u00bb2em\u00bb]<\/p>\n<h1 style=\"text-align: center;\"><strong><span style=\"color: #052d56;\">Qu&#8217;est-ce que Damaco Habitat ?<\/span><\/strong><\/h1>\n<hr>\n<p>[\/et_pb_text][et_pb_text disabled_on=\u00bbon|on|\u00bb _builder_version=\u00bb3.0.89&#8243; text_font_size=\u00bb20px\u00bb text_text_color=\u00bb#052d56&#8243; text_line_height=\u00bb2.2em\u00bb header_font_size=\u00bb25&#8243; text_orientation=\u00bbjustified\u00bb module_alignment=\u00bbleft\u00bb]Chez Damaco Habitat, n<span>ous investissons dans la sant\u00e9 et le bien-\u00eatre et dans des projets respectueux de l\u2019environnement.<\/span><\/p>\n<p><span style=\"font-weight: 400;\">Le complexe <strong>Isla de Valdeca\u00f1as<\/strong> est un bel exemple, situ\u00e9 pr\u00e8s du barrage de Valdeca\u00f1as, dans la r\u00e9gion de La Comarca de Villuercas-Ibores, une des plus belles r\u00e9gions de l\u2019orographie d\u2019Estr\u00e9madure, peu connue, mais dont le charme de sa nature exub\u00e9rante ne peut nous laisser indiff\u00e9rent. Un environnement <strong>privil\u00e9gi\u00e9<\/strong> regroup\u00e9 dans le R\u00e9seau des Espaces Prot\u00e9g\u00e9s d\u2019Estr\u00e9madure et dans la ZEPA (Zone de Protection Sp\u00e9ciale des Aves) et qui fait parti des LIC (Lieux d\u2019Int\u00e9r\u00eat Communautaire) li\u00e9 \u00e0 la Sierra de Villuercas et \u00e0 la Vall\u00e9e de Guadarranque. Le marais de Valdeca\u00f1as est un des plus grands d\u2019Espagne avec 7000 hectares de plans d\u2019eau entour\u00e9s des zones montagneuses de Gredos, de Guadeloupe et du parc de Montfrag\u00fce.<\/span><\/p>\n<p><span style=\"font-weight: 400;\">L\u2019\u00eele de Valdeca\u00f1as dispose de magnifiques points sportifs : un <strong>golf<\/strong> de 18 trous unique en Europe con\u00e7u par \u00c0lvaro Arana, un <strong>port nautique<\/strong>, un <strong>lac<\/strong> navigable avec 7000 hectares de plan d\u2019eau parfait pour la pratique de sports aquatiques, comme la voile, le ski nautique, le kitesurf&#8230;, une <strong>plage<\/strong> artificielle de 30000m2 de sable fin, un <strong>centre hippique<\/strong> avec des boxes et des carri\u00e8res d\u2019\u00e9quitation, des terrains de <strong>p\u00e1del<\/strong> d\u2019herbes artificiels, des <strong>terrains omnisports<\/strong>, des terrains de beach-volley et une <strong>patinoire<\/strong>. L\u2019\u00eele poss\u00e8de en plus un sentier de 7.2 kilom\u00e8tres qui permet de faire de la randonn\u00e9e, des joggings et du v\u00e9lo.<\/span>[\/et_pb_text][et_pb_text disabled_on=\u00bb||on\u00bb _builder_version=\u00bb3.0.89&#8243; text_font_size=\u00bb20px\u00bb text_line_height=\u00bb2em\u00bb header_text_align=\u00bbjustify\u00bb header_line_height=\u00bb2em\u00bb text_orientation=\u00bbjustified\u00bb module_alignment=\u00bbleft\u00bb]<\/p>\n<p style=\"text-align: center;\">At Damaco Habitat we invest in health and well-being, in sustainable projects which respect the environment.<\/p>\n<p style=\"text-align: center;\">The sample of it is the Isla de Valdeca\u00f1as complex, located in the Valdeca\u00f1as reservoir, in the region of La Comarca de Villuercas-Ibores. A privileged environment included in the Protected Area Network of Extremadura, the SPA (Special Protection Area) and the SCI (Site of Community Importance) together with Sierra de Villuercas and Valle de Guadarranque.<\/p>\n<p style=\"text-align: center;\">Isla de Valdeca\u00f1as has some magnificent sports installations: <strong>golf course, navigable lake, artificial beach, equestrian center<\/strong>, <strong>padel<\/strong> court, <strong>tennis<\/strong> court, <strong>regulatory football field, football field with artificial grass,<\/strong> sports track, <strong>beach volleyball<\/strong> court,<strong> skating<\/strong> rink. In addition, the isle has a 7,2-kilometer <strong>perimeter path<\/strong> which allows doing hiking, running or biking.<\/p>\n<p>[\/et_pb_text][\/et_pb_column][\/et_pb_row][\/et_pb_section][et_pb_section fb_built=\u00bb1&#8243; background_color=\u00bb#00629b\u00bb _builder_version=\u00bb3.0.89&#8243; background_size=\u00bbinitial\u00bb background_repeat=\u00bbrepeat\u00bb][et_pb_row make_fullwidth=\u00bbon\u00bb _builder_version=\u00bb3.0.89&#8243; module_alignment=\u00bbcenter\u00bb][et_pb_column type=\u00bb1_3&#8243; _builder_version=\u00bb3.0.47&#8243; parallax=\u00bboff\u00bb parallax_method=\u00bbon\u00bb][et_pb_gallery gallery_ids=\u00bb827,828,829,840&#8243; fullwidth=\u00bbon\u00bb hover_icon=\u00bb%%51%%\u00bb _builder_version=\u00bb3.0.89&#8243; pagination_font_size_tablet=\u00bb51&#8243; pagination_line_height_tablet=\u00bb2&#8243; module_alignment=\u00bbcenter\u00bb auto=\u00bbon\u00bb][\/et_pb_gallery][\/et_pb_column][et_pb_column type=\u00bb1_3&#8243; _builder_version=\u00bb3.0.47&#8243; parallax=\u00bboff\u00bb parallax_method=\u00bbon\u00bb][et_pb_gallery gallery_ids=\u00bb842,837,838&#8243; fullwidth=\u00bbon\u00bb hover_icon=\u00bb%%51%%\u00bb _builder_version=\u00bb3.0.89&#8243; pagination_font_size_tablet=\u00bb51&#8243; pagination_line_height_tablet=\u00bb2&#8243; module_alignment=\u00bbcenter\u00bb auto=\u00bbon\u00bb][\/et_pb_gallery][\/et_pb_column][et_pb_column type=\u00bb1_3&#8243; _builder_version=\u00bb3.0.47&#8243; parallax=\u00bboff\u00bb parallax_method=\u00bbon\u00bb][et_pb_gallery gallery_ids=\u00bb841,836,839&#8243; fullwidth=\u00bbon\u00bb hover_icon=\u00bb%%51%%\u00bb _builder_version=\u00bb3.0.89&#8243; pagination_font_size_tablet=\u00bb51&#8243; pagination_line_height_tablet=\u00bb2&#8243; module_alignment=\u00bbcenter\u00bb auto=\u00bbon\u00bb][\/et_pb_gallery][\/et_pb_column][\/et_pb_row][\/et_pb_section][et_pb_section fb_built=\u00bb1&#8243; _builder_version=\u00bb3.0.89&#8243; use_background_color_gradient=\u00bbon\u00bb background_color_gradient_start=\u00bb#fdfefe\u00bb background_color_gradient_end=\u00bb#eff8fb\u00bb][et_pb_row use_custom_width=\u00bbon\u00bb custom_width_px=\u00bb1643&#8243; _builder_version=\u00bb3.0.89&#8243;][et_pb_column type=\u00bb4_4&#8243; _builder_version=\u00bb3.0.47&#8243; parallax=\u00bboff\u00bb parallax_method=\u00bbon\u00bb][et_pb_text _builder_version=\u00bb3.0.89&#8243; text_font_size=\u00bb25&#8243; header_font_size=\u00bb26px\u00bb]<\/p>\n<p style=\"text-align: center;\"><span style=\"color: #024166;\"><strong>Contactez-nous<\/strong><\/span><\/p>\n<p>[\/et_pb_text][et_pb_divider height=\u00bb53px\u00bb _builder_version=\u00bb3.0.89&#8243;][\/et_pb_divider][et_pb_blurb use_icon=\u00bbon\u00bb font_icon=\u00bb%%107%%\u00bb icon_color=\u00bb#00629b\u00bb icon_placement=\u00bbleft\u00bb use_icon_font_size=\u00bbon\u00bb icon_font_size=\u00bb20px\u00bb _builder_version=\u00bb3.0.89&#8243; header_text_align=\u00bbcenter\u00bb header_font_size=\u00bb25&#8243; body_text_align=\u00bbcenter\u00bb body_font_size=\u00bb16&#8243; text_orientation=\u00bbjustified\u00bb animation=\u00bboff\u00bb]<\/p>\n<p style=\"text-align: right;\"><a href=\"https:\/\/www.fonvirtual.com\/\">http:\/\/www.islavaldecanas.com\/html\/es\/inicio\/<\/a><\/p>\n<p>[\/et_pb_blurb][et_pb_blurb use_icon=\u00bbon\u00bb font_icon=\u00bb%%109%%\u00bb icon_color=\u00bb#00629b\u00bb icon_placement=\u00bbleft\u00bb use_icon_font_size=\u00bbon\u00bb icon_font_size=\u00bb20px\u00bb _builder_version=\u00bb3.0.89&#8243; header_text_align=\u00bbcenter\u00bb header_font_size=\u00bb25&#8243; body_text_align=\u00bbcenter\u00bb body_font_size=\u00bb16&#8243; text_orientation=\u00bbjustified\u00bb animation=\u00bboff\u00bb]<\/p>\n<p style=\"text-align: right;\"><a href=\"https:\/\/www.fonvirtual.com\/\">info@grupomarina.net <\/a><\/p>\n<p>[\/et_pb_blurb][et_pb_blurb use_icon=\u00bbon\u00bb font_icon=\u00bb%%264%%\u00bb icon_color=\u00bb#00629b\u00bb icon_placement=\u00bbleft\u00bb use_icon_font_size=\u00bbon\u00bb icon_font_size=\u00bb20px\u00bb _builder_version=\u00bb3.0.89&#8243; header_text_align=\u00bbcenter\u00bb header_line_height=\u00bb1.5em\u00bb body_text_align=\u00bbcenter\u00bb body_font_size=\u00bb16&#8243; body_line_height=\u00bb1.5em\u00bb text_orientation=\u00bbjustified\u00bb animation=\u00bboff\u00bb]<\/p>\n<div style=\"text-align: right;\"><span style=\"color: #00629b;\">+34\u00a0<b>666 45 14 00<\/b>\u00a0<\/span><\/div>\n<p>[\/et_pb_blurb][et_pb_blurb use_icon=\u00bbon\u00bb font_icon=\u00bb%%264%%\u00bb icon_color=\u00bb#00629b\u00bb icon_placement=\u00bbleft\u00bb use_icon_font_size=\u00bbon\u00bb icon_font_size=\u00bb20px\u00bb _builder_version=\u00bb3.0.89&#8243; header_text_align=\u00bbcenter\u00bb header_line_height=\u00bb2em\u00bb body_text_align=\u00bbcenter\u00bb body_font_size=\u00bb16&#8243; body_line_height=\u00bb2em\u00bb text_orientation=\u00bbjustified\u00bb animation=\u00bboff\u00bb]<\/p>\n<div style=\"text-align: right;\">\n<div style=\"text-align: right;\"><span style=\"color: #00629b;\">+34\u00a0<b>954 40 08 04<\/b><\/span><\/div>\n<div>\u00a0<\/div>\n<\/div>\n<p>[\/et_pb_blurb][et_pb_divider _builder_version=\u00bb3.0.89&#8243;][\/et_pb_divider][et_pb_divider _builder_version=\u00bb3.0.89&#8243;][\/et_pb_divider][\/et_pb_column][\/et_pb_row][\/et_pb_section]<\/p>\n","protected":false},"excerpt":{"rendered":"<p>Damaco Habitat : Des projets de tourisme et de loisir durables\u00a0Qu&#8217;est-ce que Damaco Habitat ? Chez Damaco Habitat, nous investissons dans la sant\u00e9 et le bien-\u00eatre et dans des projets respectueux de l\u2019environnement. Le complexe Isla de Valdeca\u00f1as est un bel exemple, situ\u00e9 pr\u00e8s du barrage de Valdeca\u00f1as, dans la r\u00e9gion de La Comarca de [&hellip;]<\/p>\n","protected":false},"author":3,"featured_media":0,"parent":0,"menu_order":0,"comment_status":"closed","ping_status":"closed","template":"","meta":{"_et_pb_use_builder":"on","_et_pb_old_content":"","_et_gb_content_width":""},"yoast_head":"<!-- This site is optimized with the Yoast SEO plugin v18.0 - https:\/\/yoast.com\/wordpress\/plugins\/seo\/ -->\n<title>Damaco Habitat | Damaco Group<\/title>\n<meta name=\"description\" content=\"Chez Damaco Habitat, nous investissons dans le tourisme, la sant\u00e9 et le bien-\u00eatre et dans des projets respectueux de l\u2019environnement.\" \/>\n<meta name=\"robots\" content=\"index, follow, max-snippet:-1, max-image-preview:large, max-video-preview:-1\" \/>\n<link rel=\"canonical\" href=\"https:\/\/damaco.es\/fr\/damaco-habitat\/\" \/>\n<meta property=\"og:locale\" content=\"es_ES\" \/>\n<meta property=\"og:type\" content=\"article\" \/>\n<meta property=\"og:title\" content=\"Damaco Habitat | Damaco Group\" \/>\n<meta property=\"og:description\" content=\"Chez Damaco Habitat, nous investissons dans le tourisme, la sant\u00e9 et le bien-\u00eatre et dans des projets respectueux de l\u2019environnement.\" \/>\n<meta property=\"og:url\" content=\"https:\/\/damaco.es\/fr\/damaco-habitat\/\" \/>\n<meta property=\"og:site_name\" content=\"Damaco Group\" \/>\n<meta property=\"article:modified_time\" content=\"2020-02-03T09:36:31+00:00\" \/>\n<meta name=\"twitter:card\" content=\"summary_large_image\" \/>\n<meta name=\"twitter:label1\" content=\"Tiempo de lectura\" \/>\n\t<meta name=\"twitter:data1\" content=\"5 minutos\" \/>\n<script type=\"application\/ld+json\" class=\"yoast-schema-graph\">{\"@context\":\"https:\/\/schema.org\",\"@graph\":[{\"@type\":\"WebSite\",\"@id\":\"https:\/\/damaco.es\/fr\/#website\",\"url\":\"https:\/\/damaco.es\/fr\/\",\"name\":\"Damaco Group\",\"description\":\"\",\"potentialAction\":[{\"@type\":\"SearchAction\",\"target\":{\"@type\":\"EntryPoint\",\"urlTemplate\":\"https:\/\/damaco.es\/fr\/?s={search_term_string}\"},\"query-input\":\"required name=search_term_string\"}],\"inLanguage\":\"es\"},{\"@type\":\"WebPage\",\"@id\":\"https:\/\/damaco.es\/fr\/damaco-habitat\/#webpage\",\"url\":\"https:\/\/damaco.es\/fr\/damaco-habitat\/\",\"name\":\"Damaco Habitat | Damaco Group\",\"isPartOf\":{\"@id\":\"https:\/\/damaco.es\/fr\/#website\"},\"datePublished\":\"2017-11-28T11:52:19+00:00\",\"dateModified\":\"2020-02-03T09:36:31+00:00\",\"description\":\"Chez Damaco Habitat, nous investissons dans le tourisme, la sant\u00e9 et le bien-\u00eatre et dans des projets respectueux de l\u2019environnement.\",\"breadcrumb\":{\"@id\":\"https:\/\/damaco.es\/fr\/damaco-habitat\/#breadcrumb\"},\"inLanguage\":\"es\",\"potentialAction\":[{\"@type\":\"ReadAction\",\"target\":[\"https:\/\/damaco.es\/fr\/damaco-habitat\/\"]}]},{\"@type\":\"BreadcrumbList\",\"@id\":\"https:\/\/damaco.es\/fr\/damaco-habitat\/#breadcrumb\",\"itemListElement\":[{\"@type\":\"ListItem\",\"position\":1,\"name\":\"Portada\",\"item\":\"https:\/\/damaco.es\/fr\/\"},{\"@type\":\"ListItem\",\"position\":2,\"name\":\"Damaco Habitat\"}]}]}<\/script>\n<!-- \/ Yoast SEO plugin. -->","yoast_head_json":{"title":"Damaco Habitat | Damaco Group","description":"Chez Damaco Habitat, nous investissons dans le tourisme, la sant\u00e9 et le bien-\u00eatre et dans des projets respectueux de l\u2019environnement.","robots":{"index":"index","follow":"follow","max-snippet":"max-snippet:-1","max-image-preview":"max-image-preview:large","max-video-preview":"max-video-preview:-1"},"canonical":"https:\/\/damaco.es\/fr\/damaco-habitat\/","og_locale":"es_ES","og_type":"article","og_title":"Damaco Habitat | Damaco Group","og_description":"Chez Damaco Habitat, nous investissons dans le tourisme, la sant\u00e9 et le bien-\u00eatre et dans des projets respectueux de l\u2019environnement.","og_url":"https:\/\/damaco.es\/fr\/damaco-habitat\/","og_site_name":"Damaco Group","article_modified_time":"2020-02-03T09:36:31+00:00","twitter_card":"summary_large_image","twitter_misc":{"Tiempo de lectura":"5 minutos"},"schema":{"@context":"https:\/\/schema.org","@graph":[{"@type":"WebSite","@id":"https:\/\/damaco.es\/fr\/#website","url":"https:\/\/damaco.es\/fr\/","name":"Damaco Group","description":"","potentialAction":[{"@type":"SearchAction","target":{"@type":"EntryPoint","urlTemplate":"https:\/\/damaco.es\/fr\/?s={search_term_string}"},"query-input":"required name=search_term_string"}],"inLanguage":"es"},{"@type":"WebPage","@id":"https:\/\/damaco.es\/fr\/damaco-habitat\/#webpage","url":"https:\/\/damaco.es\/fr\/damaco-habitat\/","name":"Damaco Habitat | Damaco Group","isPartOf":{"@id":"https:\/\/damaco.es\/fr\/#website"},"datePublished":"2017-11-28T11:52:19+00:00","dateModified":"2020-02-03T09:36:31+00:00","description":"Chez Damaco Habitat, nous investissons dans le tourisme, la sant\u00e9 et le bien-\u00eatre et dans des projets respectueux de l\u2019environnement.","breadcrumb":{"@id":"https:\/\/damaco.es\/fr\/damaco-habitat\/#breadcrumb"},"inLanguage":"es","potentialAction":[{"@type":"ReadAction","target":["https:\/\/damaco.es\/fr\/damaco-habitat\/"]}]},{"@type":"BreadcrumbList","@id":"https:\/\/damaco.es\/fr\/damaco-habitat\/#breadcrumb","itemListElement":[{"@type":"ListItem","position":1,"name":"Portada","item":"https:\/\/damaco.es\/fr\/"},{"@type":"ListItem","position":2,"name":"Damaco Habitat"}]}]}},"_links":{"self":[{"href":"https:\/\/damaco.es\/fr\/wp-json\/wp\/v2\/pages\/807"}],"collection":[{"href":"https:\/\/damaco.es\/fr\/wp-json\/wp\/v2\/pages"}],"about":[{"href":"https:\/\/damaco.es\/fr\/wp-json\/wp\/v2\/types\/page"}],"author":[{"embeddable":true,"href":"https:\/\/damaco.es\/fr\/wp-json\/wp\/v2\/users\/3"}],"replies":[{"embeddable":true,"href":"https:\/\/damaco.es\/fr\/wp-json\/wp\/v2\/comments?post=807"}],"version-history":[{"count":5,"href":"https:\/\/damaco.es\/fr\/wp-json\/wp\/v2\/pages\/807\/revisions"}],"predecessor-version":[{"id":1355,"href":"https:\/\/damaco.es\/fr\/wp-json\/wp\/v2\/pages\/807\/revisions\/1355"}],"wp:attachment":[{"href":"https:\/\/damaco.es\/fr\/wp-json\/wp\/v2\/media?parent=807"}],"curies":[{"name":"wp","href":"https:\/\/api.w.org\/{rel}","templated":true}]}}