{"id":845,"date":"2017-11-28T11:52:10","date_gmt":"2017-11-28T11:52:10","guid":{"rendered":"https:\/\/damaco.es\/?page_id=845"},"modified":"2020-02-03T09:45:40","modified_gmt":"2020-02-03T09:45:40","slug":"restaurant-pura-italia","status":"publish","type":"page","link":"https:\/\/damaco.es\/fr\/restaurant-pura-italia\/","title":{"rendered":"Pura Italia"},"content":{"rendered":"<p>[et_pb_section fb_built=\u00bb1&#8243; fullwidth=\u00bbon\u00bb _builder_version=\u00bb3.0.89&#8243;][et_pb_fullwidth_header _builder_version=\u00bb3.0.89&#8243; title_line_height=\u00bb1.7em\u00bb content_font_size=\u00bb30&#8243; content_line_height=\u00bb1.7em\u00bb background_color=\u00bb#00629b\u00bb]<\/p>\n<p>\u00a0<\/p>\n<p style=\"text-align: center;\"><span style=\"color: #ffffff;\">Pura Italia : Ristoranti i Gelati<\/span><\/p>\n<p>\u00a0<\/p>\n<p>[\/et_pb_fullwidth_header][\/et_pb_section][et_pb_section fb_built=\u00bb1&#8243; _builder_version=\u00bb3.0.89&#8243; use_background_color_gradient=\u00bbon\u00bb background_color_gradient_start=\u00bb#eff8fb\u00bb background_color_gradient_end=\u00bb#fdfefe\u00bb background_color_gradient_direction=\u00bb183deg\u00bb background_color_gradient_start_position=\u00bb19%\u00bb background_color_gradient_end_position=\u00bb72%\u00bb][et_pb_row _builder_version=\u00bb3.0.89&#8243;][et_pb_column type=\u00bb4_4&#8243; _builder_version=\u00bb3.0.47&#8243; parallax=\u00bboff\u00bb parallax_method=\u00bbon\u00bb][et_pb_image src=\u00bbhttps:\/\/damaco.es\/fr\/\/wp-content\/uploads\/2017\/11\/circulo-puraitalia.png\u00bb align=\u00bbcenter\u00bb _builder_version=\u00bb3.0.89&#8243;][\/et_pb_image][et_pb_text _builder_version=\u00bb3.0.89&#8243; text_text_color=\u00bb#052d56&#8243; header_font_size=\u00bb26&#8243; header_text_color=\u00bb#052d56&#8243;]<\/p>\n<h1 style=\"text-align: center;\"><strong><span style=\"color: #052d56;\">Qu&#8217;est-ce que Pura Italia ?<\/span><\/strong><\/h1>\n<hr \/>\n<p>[\/et_pb_text][et_pb_text _builder_version=\u00bb3.0.89&#8243; text_font_size=\u00bb20px\u00bb text_text_color=\u00bb#052d56&#8243; text_line_height=\u00bb2.2em\u00bb header_font_size=\u00bb25&#8243; text_orientation=\u00bbjustified\u00bb module_alignment=\u00bbleft\u00bb]<\/p>\n<p>Pura Italia repr\u00e9sente parfaitement la tradition gastronomique italienne, qui refl\u00e8te la vari\u00e9t\u00e9 culturelle de ses r\u00e9gions, ainsi que la diversit\u00e9 de son histoire. Nous \u00e9laborons nos plats avec des produits de haute qualit\u00e9 achet\u00e9s chaque jour sur le march\u00e9, afin que nos clients puissent savourer avec leurs familles et leurs amis des plats d\u00e9licieux et g\u00e9n\u00e9reux, parfaits \u00e0 partager, dans un environnement unique. Comme un bon dessert ne peut pas manquer : quoi de mieux qu&#8217;une bonne glace avec une recette italienne. C&#8217;est ainsi que Pura Italia Gelati a \u00e9t\u00e9 cr\u00e9\u00e9e, une glace diff\u00e9rente par sa saveur, sa texture et son odeur, qui n&#8217;utilise que des ingr\u00e9dients de premi\u00e8re qualit\u00e9.<\/p>\n<p>Gr\u00e2ce \u00e0 au soin, au professionnalisme et au d\u00e9vouement de nos chefs et de nos p\u00e2tissiers d&#8217;origine italienne, dans nos cuisines et nos salles de travail, coexistent d&#8217;abondantes odeurs exquises et des saveurs m\u00e9diterran\u00e9ennes. Il s&#8217;agit de r\u00e9aliser une cuisine \u00e0 fort caract\u00e8re traditionnel, d\u00e9coup\u00e9e par r\u00e9gions et h\u00e9riti\u00e8re d&#8217;une longue tradition, qui a su perp\u00e9tuer les anciennes recettes.<\/p>\n<p>Aujourd&#8217;hui, Pura Italia a son premier restaurant pr\u00e8s du phare d&#8217;El Rompido (Huelva) avec des vues impressionnantes sur la mer et la nature, et son premier glacier dans le centre historique de S\u00e9ville, dans la rue Cuna (S\u00e9ville), mais a la vocation de se d\u00e9velopper \u00e0 travers d&#8217;autres localit\u00e9s.<\/p>\n<p>[\/et_pb_text][\/et_pb_column][\/et_pb_row][\/et_pb_section][et_pb_section fb_built=\u00bb1&#8243; _builder_version=\u00bb3.0.47&#8243;][et_pb_row make_fullwidth=\u00bbon\u00bb _builder_version=\u00bb3.0.89&#8243; module_alignment=\u00bbcenter\u00bb][et_pb_column type=\u00bb1_2&#8243; _builder_version=\u00bb3.0.47&#8243; parallax=\u00bboff\u00bb parallax_method=\u00bbon\u00bb][et_pb_image src=\u00bbhttps:\/\/damaco.es\/fr\/\/wp-content\/uploads\/2017\/11\/Exterior-Pura-Italia-Terraza_opt.jpg\u00bb align=\u00bbcenter\u00bb force_fullwidth=\u00bbon\u00bb _builder_version=\u00bb3.0.89&#8243;][\/et_pb_image][et_pb_image src=\u00bbhttps:\/\/damaco.es\/fr\/\/wp-content\/uploads\/2017\/11\/Vistas-Pura-Italia_opt-1.jpg\u00bb force_fullwidth=\u00bbon\u00bb _builder_version=\u00bb3.0.89&#8243;][\/et_pb_image][\/et_pb_column][et_pb_column type=\u00bb1_2&#8243; _builder_version=\u00bb3.0.47&#8243; parallax=\u00bboff\u00bb parallax_method=\u00bbon\u00bb][et_pb_image src=\u00bbhttps:\/\/damaco.es\/fr\/\/wp-content\/uploads\/2017\/11\/Ambiente-Pura-Italia_opt.png\u00bb force_fullwidth=\u00bbon\u00bb _builder_version=\u00bb3.0.89&#8243;][\/et_pb_image][et_pb_image src=\u00bbhttps:\/\/damaco.es\/fr\/\/wp-content\/uploads\/2017\/11\/Sabor-a-Italia_opt.jpg\u00bb force_fullwidth=\u00bbon\u00bb _builder_version=\u00bb3.0.89&#8243;][\/et_pb_image][\/et_pb_column][\/et_pb_row][\/et_pb_section][et_pb_section fb_built=\u00bb1&#8243; background_color=\u00bb#00629b\u00bb _builder_version=\u00bb3.0.89&#8243;][et_pb_row use_custom_width=\u00bbon\u00bb custom_width_px=\u00bb1643&#8243; _builder_version=\u00bb3.0.89&#8243;][et_pb_column type=\u00bb1_2&#8243; _builder_version=\u00bb3.0.47&#8243; parallax=\u00bboff\u00bb parallax_method=\u00bbon\u00bb][et_pb_text _builder_version=\u00bb3.0.89&#8243; text_font_size=\u00bb25&#8243; header_font_size=\u00bb26px\u00bb]<\/p>\n<p style=\"text-align: left; padding-left: 90px;\"><span style=\"color: #ffffff;\"><strong>Contactez-nous<\/strong><\/span><\/p>\n<p>[\/et_pb_text][et_pb_divider height=\u00bb53px\u00bb _builder_version=\u00bb3.0.89&#8243;][\/et_pb_divider][et_pb_blurb use_icon=\u00bbon\u00bb font_icon=\u00bb%%107%%\u00bb icon_color=\u00bb#ffffff\u00bb icon_placement=\u00bbleft\u00bb _builder_version=\u00bb3.0.89&#8243; header_text_align=\u00bbcenter\u00bb header_font_size=\u00bb25&#8243; body_text_align=\u00bbcenter\u00bb body_font_size=\u00bb16&#8243; text_orientation=\u00bbjustified\u00bb animation=\u00bboff\u00bb]<\/p>\n<p style=\"text-align: right;\"><a href=\"http:\/\/www.puraitalia.com\/\">www.puraitalia.com<\/a><\/p>\n<p>[\/et_pb_blurb][et_pb_blurb use_icon=\u00bbon\u00bb font_icon=\u00bb%%264%%\u00bb icon_color=\u00bb#ffffff\u00bb icon_placement=\u00bbleft\u00bb _builder_version=\u00bb3.0.89&#8243; header_text_align=\u00bbcenter\u00bb body_text_align=\u00bbcenter\u00bb body_font_size=\u00bb16&#8243; text_orientation=\u00bbjustified\u00bb animation=\u00bboff\u00bb]<\/p>\n<div style=\"text-align: left;\"><span style=\"color: #ffffff;\"><strong>R\u00e9servations et commandes :\u00a095 939 99 87<\/strong><\/span><\/div>\n<div style=\"text-align: left;\"><span style=\"color: #ffffff;\"><strong>Contactez le si\u00e8ge social :\u00a0 +34 95 9399987<\/strong><\/span><\/div>\n<div><\/div>\n<div><\/div>\n<p>[\/et_pb_blurb][et_pb_blurb use_icon=\u00bbon\u00bb font_icon=\u00bb%%153%%\u00bb icon_color=\u00bb#ffffff\u00bb icon_placement=\u00bbleft\u00bb _builder_version=\u00bb3.0.89&#8243; header_text_align=\u00bbcenter\u00bb header_font_size=\u00bb25&#8243; body_text_align=\u00bbcenter\u00bb body_font_size=\u00bb16&#8243; text_orientation=\u00bbjustified\u00bb animation=\u00bboff\u00bb]<\/p>\n<p style=\"text-align: center;\"><span style=\"color: #ffffff;\">info@puraitalia.com<\/span><\/p>\n<p>[\/et_pb_blurb][\/et_pb_column][et_pb_column type=\u00bb1_2&#8243; _builder_version=\u00bb3.0.47&#8243; parallax=\u00bboff\u00bb parallax_method=\u00bbon\u00bb][et_pb_image src=\u00bbhttps:\/\/damaco.es\/fr\/\/wp-content\/uploads\/2017\/11\/Pura-Italia-Restaurante-En-El-Rompido-comida-italiana.jpg\u00bb _builder_version=\u00bb3.0.89&#8243;][\/et_pb_image][\/et_pb_column][\/et_pb_row][\/et_pb_section]<\/p>\n","protected":false},"excerpt":{"rendered":"<p>\u00a0 Pura Italia : Ristoranti i Gelati \u00a0Qu&#8217;est-ce que Pura Italia ? Pura Italia repr\u00e9sente parfaitement la tradition gastronomique italienne, qui refl\u00e8te la vari\u00e9t\u00e9 culturelle de ses r\u00e9gions, ainsi que la diversit\u00e9 de son histoire. Nous \u00e9laborons nos plats avec des produits de haute qualit\u00e9 achet\u00e9s chaque jour sur le march\u00e9, afin que nos clients [&hellip;]<\/p>\n","protected":false},"author":3,"featured_media":0,"parent":0,"menu_order":0,"comment_status":"closed","ping_status":"closed","template":"","meta":{"_et_pb_use_builder":"on","_et_pb_old_content":"","_et_gb_content_width":""},"yoast_head":"<!-- This site is optimized with the Yoast SEO plugin v18.0 - https:\/\/yoast.com\/wordpress\/plugins\/seo\/ -->\n<title>Pura Italia | Damaco Group<\/title>\n<meta name=\"description\" content=\"Restaurant Pura Italia, Italian gastronomic tradition by the lighthouse of El Rompido (Huelva) with impressive views of the sea and nature.\" \/>\n<meta name=\"robots\" content=\"index, follow, max-snippet:-1, max-image-preview:large, max-video-preview:-1\" \/>\n<link rel=\"canonical\" href=\"https:\/\/damaco.es\/fr\/restaurant-pura-italia\/\" \/>\n<meta property=\"og:locale\" content=\"es_ES\" \/>\n<meta property=\"og:type\" content=\"article\" \/>\n<meta property=\"og:title\" content=\"Pura Italia | Damaco Group\" \/>\n<meta property=\"og:description\" content=\"Restaurant Pura Italia, Italian gastronomic tradition by the lighthouse of El Rompido (Huelva) with impressive views of the sea and nature.\" \/>\n<meta property=\"og:url\" content=\"https:\/\/damaco.es\/fr\/restaurant-pura-italia\/\" \/>\n<meta property=\"og:site_name\" content=\"Damaco Group\" \/>\n<meta property=\"article:modified_time\" content=\"2020-02-03T09:45:40+00:00\" \/>\n<meta name=\"twitter:card\" content=\"summary_large_image\" \/>\n<meta name=\"twitter:label1\" content=\"Tiempo de lectura\" \/>\n\t<meta name=\"twitter:data1\" content=\"4 minutos\" \/>\n<script type=\"application\/ld+json\" class=\"yoast-schema-graph\">{\"@context\":\"https:\/\/schema.org\",\"@graph\":[{\"@type\":\"WebSite\",\"@id\":\"https:\/\/damaco.es\/fr\/#website\",\"url\":\"https:\/\/damaco.es\/fr\/\",\"name\":\"Damaco Group\",\"description\":\"\",\"potentialAction\":[{\"@type\":\"SearchAction\",\"target\":{\"@type\":\"EntryPoint\",\"urlTemplate\":\"https:\/\/damaco.es\/fr\/?s={search_term_string}\"},\"query-input\":\"required name=search_term_string\"}],\"inLanguage\":\"es\"},{\"@type\":\"WebPage\",\"@id\":\"https:\/\/damaco.es\/fr\/restaurant-pura-italia\/#webpage\",\"url\":\"https:\/\/damaco.es\/fr\/restaurant-pura-italia\/\",\"name\":\"Pura Italia | Damaco Group\",\"isPartOf\":{\"@id\":\"https:\/\/damaco.es\/fr\/#website\"},\"datePublished\":\"2017-11-28T11:52:10+00:00\",\"dateModified\":\"2020-02-03T09:45:40+00:00\",\"description\":\"Restaurant Pura Italia, Italian gastronomic tradition by the lighthouse of El Rompido (Huelva) with impressive views of the sea and nature.\",\"breadcrumb\":{\"@id\":\"https:\/\/damaco.es\/fr\/restaurant-pura-italia\/#breadcrumb\"},\"inLanguage\":\"es\",\"potentialAction\":[{\"@type\":\"ReadAction\",\"target\":[\"https:\/\/damaco.es\/fr\/restaurant-pura-italia\/\"]}]},{\"@type\":\"BreadcrumbList\",\"@id\":\"https:\/\/damaco.es\/fr\/restaurant-pura-italia\/#breadcrumb\",\"itemListElement\":[{\"@type\":\"ListItem\",\"position\":1,\"name\":\"Portada\",\"item\":\"https:\/\/damaco.es\/fr\/\"},{\"@type\":\"ListItem\",\"position\":2,\"name\":\"Pura Italia\"}]}]}<\/script>\n<!-- \/ Yoast SEO plugin. -->","yoast_head_json":{"title":"Pura Italia | Damaco Group","description":"Restaurant Pura Italia, Italian gastronomic tradition by the lighthouse of El Rompido (Huelva) with impressive views of the sea and nature.","robots":{"index":"index","follow":"follow","max-snippet":"max-snippet:-1","max-image-preview":"max-image-preview:large","max-video-preview":"max-video-preview:-1"},"canonical":"https:\/\/damaco.es\/fr\/restaurant-pura-italia\/","og_locale":"es_ES","og_type":"article","og_title":"Pura Italia | Damaco Group","og_description":"Restaurant Pura Italia, Italian gastronomic tradition by the lighthouse of El Rompido (Huelva) with impressive views of the sea and nature.","og_url":"https:\/\/damaco.es\/fr\/restaurant-pura-italia\/","og_site_name":"Damaco Group","article_modified_time":"2020-02-03T09:45:40+00:00","twitter_card":"summary_large_image","twitter_misc":{"Tiempo de lectura":"4 minutos"},"schema":{"@context":"https:\/\/schema.org","@graph":[{"@type":"WebSite","@id":"https:\/\/damaco.es\/fr\/#website","url":"https:\/\/damaco.es\/fr\/","name":"Damaco Group","description":"","potentialAction":[{"@type":"SearchAction","target":{"@type":"EntryPoint","urlTemplate":"https:\/\/damaco.es\/fr\/?s={search_term_string}"},"query-input":"required name=search_term_string"}],"inLanguage":"es"},{"@type":"WebPage","@id":"https:\/\/damaco.es\/fr\/restaurant-pura-italia\/#webpage","url":"https:\/\/damaco.es\/fr\/restaurant-pura-italia\/","name":"Pura Italia | Damaco Group","isPartOf":{"@id":"https:\/\/damaco.es\/fr\/#website"},"datePublished":"2017-11-28T11:52:10+00:00","dateModified":"2020-02-03T09:45:40+00:00","description":"Restaurant Pura Italia, Italian gastronomic tradition by the lighthouse of El Rompido (Huelva) with impressive views of the sea and nature.","breadcrumb":{"@id":"https:\/\/damaco.es\/fr\/restaurant-pura-italia\/#breadcrumb"},"inLanguage":"es","potentialAction":[{"@type":"ReadAction","target":["https:\/\/damaco.es\/fr\/restaurant-pura-italia\/"]}]},{"@type":"BreadcrumbList","@id":"https:\/\/damaco.es\/fr\/restaurant-pura-italia\/#breadcrumb","itemListElement":[{"@type":"ListItem","position":1,"name":"Portada","item":"https:\/\/damaco.es\/fr\/"},{"@type":"ListItem","position":2,"name":"Pura Italia"}]}]}},"_links":{"self":[{"href":"https:\/\/damaco.es\/fr\/wp-json\/wp\/v2\/pages\/845"}],"collection":[{"href":"https:\/\/damaco.es\/fr\/wp-json\/wp\/v2\/pages"}],"about":[{"href":"https:\/\/damaco.es\/fr\/wp-json\/wp\/v2\/types\/page"}],"author":[{"embeddable":true,"href":"https:\/\/damaco.es\/fr\/wp-json\/wp\/v2\/users\/3"}],"replies":[{"embeddable":true,"href":"https:\/\/damaco.es\/fr\/wp-json\/wp\/v2\/comments?post=845"}],"version-history":[{"count":5,"href":"https:\/\/damaco.es\/fr\/wp-json\/wp\/v2\/pages\/845\/revisions"}],"predecessor-version":[{"id":1356,"href":"https:\/\/damaco.es\/fr\/wp-json\/wp\/v2\/pages\/845\/revisions\/1356"}],"wp:attachment":[{"href":"https:\/\/damaco.es\/fr\/wp-json\/wp\/v2\/media?parent=845"}],"curies":[{"name":"wp","href":"https:\/\/api.w.org\/{rel}","templated":true}]}}